{"id":1350,"date":"2017-03-31T19:30:02","date_gmt":"2017-03-31T17:30:02","guid":{"rendered":"https:\/\/www.biotech-agora.com\/?page_id=1350"},"modified":"2019-01-07T14:37:23","modified_gmt":"2019-01-07T13:37:23","slug":"innov-agora","status":"publish","type":"page","link":"https:\/\/www.biotech-agora.com\/fr\/innov-agora\/","title":{"rendered":"Innov Agora"},"content":{"rendered":"[vc_row][vc_column][vc_column_text]<img loading=\"lazy\" decoding=\"async\" width=\"250\" height=\"93\" class=\"alignnone size-medium wp-image-2782 aligncenter\" src=\"https:\/\/www.biotech-agora.com\/wp-content\/uploads\/2018\/11\/INNOV_AGORA_CMJN_V8_HOR-250x93.png\" alt=\"\" \/><\/p>\n<h2>Nous avons cr\u00e9\u00e9 la marque Innov Agora en d\u00e9clinant les m\u00eames concepts et modes op\u00e9ratoires que ceux qui ont fait le succ\u00e8s de Biotech Agora. Le principal objectif d\u2019Innov Agora est de soutenir l\u2019innovation et de mieux faire conna\u00eetre aux investisseurs des soci\u00e9t\u00e9s innovantes \u00e0 fort potentiel dans d\u2019autres domaines que celui de la sant\u00e9 et des biotechnologies.<\/h2>\n<h2><strong>Les principales prestations<\/strong> <strong>d&rsquo;Innov Agora<\/strong> sont comme pour Biotech Agora :<br \/>\n&#8211; Le Conseil (Start-up, Strat\u00e9gie, Business D\u00e9veloppement, lev\u00e9e de fonds\u2026)<br \/>\n&#8211; Les Soir\u00e9es Conf\u00e9rence &amp; Cocktail favorisant les \u00e9changes entre dirigeants et investisseurs, et autres formats d&rsquo;\u00e9v\u00e9nements.<\/h2>\n[\/vc_column_text][vc_column_text]\n<h4 style=\"text-align: center;\"><a href=\"https:\/\/www.biotech-agora.com\/fr\/nos-events\/artea-cogelec\">MATIN\u00c9E DU 29 JANVIER 2019 &#8211; Conf\u00e9rence-d\u00e9bat ARTEA Groupe et COGELEC<\/a><\/h4>\n[\/vc_column_text][\/vc_column][\/vc_row]","protected":false},"excerpt":{"rendered":"[vc_row][vc_column][vc_column_text] Nous avons cr\u00e9\u00e9 la marque Innov Agora en d\u00e9clinant les m\u00eames concepts et modes op\u00e9ratoires que ceux qui ont fait le succ\u00e8s de Biotech Agora. Le principal objectif d\u2019Innov Agora est de soutenir l\u2019innovation et de mieux faire conna\u00eetre aux investisseurs des soci\u00e9t\u00e9s innovantes \u00e0 fort potentiel dans d\u2019autres domaines que celui de la&#8230; <a class=\"view-article\" href=\"https:\/\/www.biotech-agora.com\/fr\/innov-agora\/\">Voir l&rsquo;article<\/a>","protected":false},"author":12,"featured_media":0,"parent":0,"menu_order":0,"comment_status":"closed","ping_status":"closed","template":"","meta":{"inline_featured_image":false,"footnotes":""},"class_list":["post-1350","page","type-page","status-publish","hentry"],"yoast_head":"<!-- This site is optimized with the Yoast SEO plugin v24.2 - https:\/\/yoast.com\/wordpress\/plugins\/seo\/ -->\n<title>Innov Agora - Biotech AGORA<\/title>\n<meta name=\"robots\" content=\"index, follow, max-snippet:-1, max-image-preview:large, max-video-preview:-1\" \/>\n<link rel=\"canonical\" href=\"https:\/\/www.biotech-agora.com\/fr\/innov-agora\/\" \/>\n<meta property=\"og:locale\" content=\"fr_FR\" \/>\n<meta property=\"og:type\" content=\"article\" \/>\n<meta property=\"og:title\" content=\"Innov Agora - Biotech AGORA\" \/>\n<meta property=\"og:description\" content=\"[vc_row][vc_column][vc_column_text] Nous avons cr\u00e9\u00e9 la marque Innov Agora en d\u00e9clinant les m\u00eames concepts et modes op\u00e9ratoires que ceux qui ont fait le succ\u00e8s de Biotech Agora. Le principal objectif d\u2019Innov Agora est de soutenir l\u2019innovation et de mieux faire conna\u00eetre aux investisseurs des soci\u00e9t\u00e9s innovantes \u00e0 fort potentiel dans d\u2019autres domaines que celui de la... Voir l&#039;article\" \/>\n<meta property=\"og:url\" content=\"https:\/\/www.biotech-agora.com\/fr\/innov-agora\/\" \/>\n<meta property=\"og:site_name\" content=\"Biotech AGORA\" \/>\n<meta property=\"article:modified_time\" content=\"2019-01-07T13:37:23+00:00\" \/>\n<meta property=\"og:image\" content=\"https:\/\/www.biotech-agora.com\/wp-content\/uploads\/2018\/11\/INNOV_AGORA_CMJN_V8_HOR-250x93.png\" \/>\n<meta name=\"twitter:card\" content=\"summary_large_image\" \/>\n<meta name=\"twitter:label1\" content=\"Dur\u00e9e de lecture estim\u00e9e\" \/>\n\t<meta name=\"twitter:data1\" content=\"1 minute\" \/>\n<script type=\"application\/ld+json\" class=\"yoast-schema-graph\">{\"@context\":\"https:\/\/schema.org\",\"@graph\":[{\"@type\":\"WebPage\",\"@id\":\"https:\/\/www.biotech-agora.com\/fr\/innov-agora\/\",\"url\":\"https:\/\/www.biotech-agora.com\/fr\/innov-agora\/\",\"name\":\"Innov Agora - Biotech AGORA\",\"isPartOf\":{\"@id\":\"https:\/\/www.biotech-agora.com\/fr\/#website\"},\"primaryImageOfPage\":{\"@id\":\"https:\/\/www.biotech-agora.com\/fr\/innov-agora\/#primaryimage\"},\"image\":{\"@id\":\"https:\/\/www.biotech-agora.com\/fr\/innov-agora\/#primaryimage\"},\"thumbnailUrl\":\"https:\/\/www.biotech-agora.com\/wp-content\/uploads\/2018\/11\/INNOV_AGORA_CMJN_V8_HOR-250x93.png\",\"datePublished\":\"2017-03-31T17:30:02+00:00\",\"dateModified\":\"2019-01-07T13:37:23+00:00\",\"breadcrumb\":{\"@id\":\"https:\/\/www.biotech-agora.com\/fr\/innov-agora\/#breadcrumb\"},\"inLanguage\":\"fr-FR\",\"potentialAction\":[{\"@type\":\"ReadAction\",\"target\":[\"https:\/\/www.biotech-agora.com\/fr\/innov-agora\/\"]}]},{\"@type\":\"ImageObject\",\"inLanguage\":\"fr-FR\",\"@id\":\"https:\/\/www.biotech-agora.com\/fr\/innov-agora\/#primaryimage\",\"url\":\"https:\/\/www.biotech-agora.com\/wp-content\/uploads\/2018\/11\/INNOV_AGORA_CMJN_V8_HOR-250x93.png\",\"contentUrl\":\"https:\/\/www.biotech-agora.com\/wp-content\/uploads\/2018\/11\/INNOV_AGORA_CMJN_V8_HOR-250x93.png\"},{\"@type\":\"BreadcrumbList\",\"@id\":\"https:\/\/www.biotech-agora.com\/fr\/innov-agora\/#breadcrumb\",\"itemListElement\":[{\"@type\":\"ListItem\",\"position\":1,\"name\":\"Accueil\",\"item\":\"https:\/\/www.biotech-agora.com\/\"},{\"@type\":\"ListItem\",\"position\":2,\"name\":\"Innov Agora\"}]},{\"@type\":\"WebSite\",\"@id\":\"https:\/\/www.biotech-agora.com\/fr\/#website\",\"url\":\"https:\/\/www.biotech-agora.com\/fr\/\",\"name\":\"Biotech AGORA\",\"description\":\"Le Carrefour des Investisseurs\",\"publisher\":{\"@id\":\"https:\/\/www.biotech-agora.com\/fr\/#organization\"},\"potentialAction\":[{\"@type\":\"SearchAction\",\"target\":{\"@type\":\"EntryPoint\",\"urlTemplate\":\"https:\/\/www.biotech-agora.com\/fr\/?s={search_term_string}\"},\"query-input\":{\"@type\":\"PropertyValueSpecification\",\"valueRequired\":true,\"valueName\":\"search_term_string\"}}],\"inLanguage\":\"fr-FR\"},{\"@type\":\"Organization\",\"@id\":\"https:\/\/www.biotech-agora.com\/fr\/#organization\",\"name\":\"Biotech AGORA\",\"url\":\"https:\/\/www.biotech-agora.com\/fr\/\",\"logo\":{\"@type\":\"ImageObject\",\"inLanguage\":\"fr-FR\",\"@id\":\"https:\/\/www.biotech-agora.com\/fr\/#\/schema\/logo\/image\/\",\"url\":\"https:\/\/www.biotech-agora.com\/wp-content\/uploads\/2016\/06\/logo.png\",\"contentUrl\":\"https:\/\/www.biotech-agora.com\/wp-content\/uploads\/2016\/06\/logo.png\",\"width\":378,\"height\":324,\"caption\":\"Biotech AGORA\"},\"image\":{\"@id\":\"https:\/\/www.biotech-agora.com\/fr\/#\/schema\/logo\/image\/\"}}]}<\/script>\n<!-- \/ Yoast SEO plugin. -->","yoast_head_json":{"title":"Innov Agora - Biotech AGORA","robots":{"index":"index","follow":"follow","max-snippet":"max-snippet:-1","max-image-preview":"max-image-preview:large","max-video-preview":"max-video-preview:-1"},"canonical":"https:\/\/www.biotech-agora.com\/fr\/innov-agora\/","og_locale":"fr_FR","og_type":"article","og_title":"Innov Agora - Biotech AGORA","og_description":"[vc_row][vc_column][vc_column_text] Nous avons cr\u00e9\u00e9 la marque Innov Agora en d\u00e9clinant les m\u00eames concepts et modes op\u00e9ratoires que ceux qui ont fait le succ\u00e8s de Biotech Agora. Le principal objectif d\u2019Innov Agora est de soutenir l\u2019innovation et de mieux faire conna\u00eetre aux investisseurs des soci\u00e9t\u00e9s innovantes \u00e0 fort potentiel dans d\u2019autres domaines que celui de la... Voir l'article","og_url":"https:\/\/www.biotech-agora.com\/fr\/innov-agora\/","og_site_name":"Biotech AGORA","article_modified_time":"2019-01-07T13:37:23+00:00","og_image":[{"url":"https:\/\/www.biotech-agora.com\/wp-content\/uploads\/2018\/11\/INNOV_AGORA_CMJN_V8_HOR-250x93.png","type":"","width":"","height":""}],"twitter_card":"summary_large_image","twitter_misc":{"Dur\u00e9e de lecture estim\u00e9e":"1 minute"},"schema":{"@context":"https:\/\/schema.org","@graph":[{"@type":"WebPage","@id":"https:\/\/www.biotech-agora.com\/fr\/innov-agora\/","url":"https:\/\/www.biotech-agora.com\/fr\/innov-agora\/","name":"Innov Agora - Biotech AGORA","isPartOf":{"@id":"https:\/\/www.biotech-agora.com\/fr\/#website"},"primaryImageOfPage":{"@id":"https:\/\/www.biotech-agora.com\/fr\/innov-agora\/#primaryimage"},"image":{"@id":"https:\/\/www.biotech-agora.com\/fr\/innov-agora\/#primaryimage"},"thumbnailUrl":"https:\/\/www.biotech-agora.com\/wp-content\/uploads\/2018\/11\/INNOV_AGORA_CMJN_V8_HOR-250x93.png","datePublished":"2017-03-31T17:30:02+00:00","dateModified":"2019-01-07T13:37:23+00:00","breadcrumb":{"@id":"https:\/\/www.biotech-agora.com\/fr\/innov-agora\/#breadcrumb"},"inLanguage":"fr-FR","potentialAction":[{"@type":"ReadAction","target":["https:\/\/www.biotech-agora.com\/fr\/innov-agora\/"]}]},{"@type":"ImageObject","inLanguage":"fr-FR","@id":"https:\/\/www.biotech-agora.com\/fr\/innov-agora\/#primaryimage","url":"https:\/\/www.biotech-agora.com\/wp-content\/uploads\/2018\/11\/INNOV_AGORA_CMJN_V8_HOR-250x93.png","contentUrl":"https:\/\/www.biotech-agora.com\/wp-content\/uploads\/2018\/11\/INNOV_AGORA_CMJN_V8_HOR-250x93.png"},{"@type":"BreadcrumbList","@id":"https:\/\/www.biotech-agora.com\/fr\/innov-agora\/#breadcrumb","itemListElement":[{"@type":"ListItem","position":1,"name":"Accueil","item":"https:\/\/www.biotech-agora.com\/"},{"@type":"ListItem","position":2,"name":"Innov Agora"}]},{"@type":"WebSite","@id":"https:\/\/www.biotech-agora.com\/fr\/#website","url":"https:\/\/www.biotech-agora.com\/fr\/","name":"Biotech AGORA","description":"Le Carrefour des Investisseurs","publisher":{"@id":"https:\/\/www.biotech-agora.com\/fr\/#organization"},"potentialAction":[{"@type":"SearchAction","target":{"@type":"EntryPoint","urlTemplate":"https:\/\/www.biotech-agora.com\/fr\/?s={search_term_string}"},"query-input":{"@type":"PropertyValueSpecification","valueRequired":true,"valueName":"search_term_string"}}],"inLanguage":"fr-FR"},{"@type":"Organization","@id":"https:\/\/www.biotech-agora.com\/fr\/#organization","name":"Biotech AGORA","url":"https:\/\/www.biotech-agora.com\/fr\/","logo":{"@type":"ImageObject","inLanguage":"fr-FR","@id":"https:\/\/www.biotech-agora.com\/fr\/#\/schema\/logo\/image\/","url":"https:\/\/www.biotech-agora.com\/wp-content\/uploads\/2016\/06\/logo.png","contentUrl":"https:\/\/www.biotech-agora.com\/wp-content\/uploads\/2016\/06\/logo.png","width":378,"height":324,"caption":"Biotech AGORA"},"image":{"@id":"https:\/\/www.biotech-agora.com\/fr\/#\/schema\/logo\/image\/"}}]}},"_links":{"self":[{"href":"https:\/\/www.biotech-agora.com\/fr\/wp-json\/wp\/v2\/pages\/1350","targetHints":{"allow":["GET"]}}],"collection":[{"href":"https:\/\/www.biotech-agora.com\/fr\/wp-json\/wp\/v2\/pages"}],"about":[{"href":"https:\/\/www.biotech-agora.com\/fr\/wp-json\/wp\/v2\/types\/page"}],"author":[{"embeddable":true,"href":"https:\/\/www.biotech-agora.com\/fr\/wp-json\/wp\/v2\/users\/12"}],"replies":[{"embeddable":true,"href":"https:\/\/www.biotech-agora.com\/fr\/wp-json\/wp\/v2\/comments?post=1350"}],"version-history":[{"count":0,"href":"https:\/\/www.biotech-agora.com\/fr\/wp-json\/wp\/v2\/pages\/1350\/revisions"}],"wp:attachment":[{"href":"https:\/\/www.biotech-agora.com\/fr\/wp-json\/wp\/v2\/media?parent=1350"}],"curies":[{"name":"wp","href":"https:\/\/api.w.org\/{rel}","templated":true}]}}