{"id":2264,"date":"2018-01-31T14:26:59","date_gmt":"2018-01-31T13:26:59","guid":{"rendered":"https:\/\/www.biotech-agora.com\/?page_id=2264"},"modified":"2018-03-03T21:42:41","modified_gmt":"2018-03-03T20:42:41","slug":"zone-de-telechargement-cellnovo","status":"publish","type":"page","link":"https:\/\/www.biotech-agora.com\/fr\/zone-de-telechargement-cellnovo\/","title":{"rendered":"zone de t\u00e9l\u00e9chargement CELLNOVO"},"content":{"rendered":"[vc_row][vc_column][vc_row_inner content_placement=\u00a0\u00bbmiddle\u00a0\u00bb css=\u00a0\u00bb.vc_custom_1468857416904{background-color: #019794 !important;background-position: center !important;background-repeat: no-repeat !important;background-size: cover !important;border-radius: 5px !important;}\u00a0\u00bb][vc_column_inner][vc_column_text]\n<h1 style=\"text-align: center;\"><span style=\"color: #ffffff;\">Acc\u00e8s aux documents\u00a0CELLNOVO &#8211; 30 janvier 2018<\/span><\/h1>\n[\/vc_column_text][\/vc_column_inner][\/vc_row_inner][vc_row_inner equal_height=\u00a0\u00bbyes\u00a0\u00bb content_placement=\u00a0\u00bbtop\u00a0\u00bb][vc_column_inner width=\u00a0\u00bb1\/2&Prime; css=\u00a0\u00bb.vc_custom_1477342594576{padding-right: 3px !important;background-color: #f9f9f9 !important;}\u00a0\u00bb][vc_column_text]\n<header class=\"vc_cta3-content-header\">\n<h2 style=\"text-align: center;\">Pr\u00e9sentation en anglais<\/h2>\n<\/header>\n[\/vc_column_text]<style>.ihc-locker-wrap{}<\/style><div class=\"ihc-locker-wrap\"><div style='' class='ihc_locker_5'><div class='lk_top_side'><\/div><div class='lock_content'><p><p class=\"p1\" style=\"text-align: center;\"><span class=\"s1\">Connectez vous si vous \u00eates d\u00e9j\u00e0 inscrit.<\/span><\/p>\r\n<p style=\"text-align: center;\">Sinon <a href=\"https:\/\/www.biotech-agora.com\/iump-register\/\">Inscrivez-vous ici<\/a> afin\u00a0d'acc\u00e9der au contenu<\/p><\/p>\n<div class='lock_buttons'><\/div><\/div><\/div><\/div>[\/vc_column_inner][vc_column_inner width=\u00a0\u00bb1\/2&Prime; css=\u00a0\u00bb.vc_custom_1481225713454{background-color: #f9f9f9 !important;}\u00a0\u00bb][vc_column_text]\n<header class=\"vc_cta3-content-header\">\n<h2 style=\"text-align: center;\">Compte rendu Biotech Agora<\/h2>\n<\/header>\n[\/vc_column_text]<style>.ihc-locker-wrap{}<\/style><div class=\"ihc-locker-wrap\"><div style='' class='ihc_locker_5'><div class='lk_top_side'><\/div><div class='lock_content'><p><p class=\"p1\" style=\"text-align: center;\"><span class=\"s1\">Connectez vous si vous \u00eates d\u00e9j\u00e0 inscrit.<\/span><\/p>\r\n<p style=\"text-align: center;\">Sinon <a href=\"https:\/\/www.biotech-agora.com\/iump-register\/\">Inscrivez-vous ici<\/a> afin\u00a0d'acc\u00e9der au contenu<\/p><\/p>\n<div class='lock_buttons'><\/div><\/div><\/div><\/div>[\/vc_column_inner][\/vc_row_inner][vc_column_text]\n<h2 style=\"text-align: left;\">Interview Le Revenu TV de Sophie Baratte<\/h2>\n[\/vc_column_text][vc_raw_html]JTNDaWZyYW1lJTIwd2lkdGglM0QlMjI1NjAlMjIlMjBoZWlnaHQlM0QlMjIzMTUlMjIlMjBzcmMlM0QlMjJodHRwcyUzQSUyRiUyRnd3dy55b3V0dWJlLmNvbSUyRmVtYmVkJTJGQXhIbWhhaXBQbDQlM0ZyZWwlM0QwJTIyJTIwZnJhbWVib3JkZXIlM0QlMjIwJTIyJTIwYWxsb3clM0QlMjJhdXRvcGxheSUzQiUyMGVuY3J5cHRlZC1tZWRpYSUyMiUyMGFsbG93ZnVsbHNjcmVlbiUzRSUzQyUyRmlmcmFtZSUzRQ==[\/vc_raw_html][\/vc_column][\/vc_row]","protected":false},"excerpt":{"rendered":"[vc_row][vc_column][vc_row_inner content_placement=\u00a0\u00bbmiddle\u00a0\u00bb css=\u00a0\u00bb.vc_custom_1468857416904{background-color: #019794 !important;background-position: center !important;background-repeat: no-repeat !important;background-size: cover !important;border-radius: 5px !important;}\u00a0\u00bb][vc_column_inner][vc_column_text] Acc\u00e8s aux documents\u00a0CELLNOVO &#8211; 30 janvier 2018 [\/vc_column_text][\/vc_column_inner][\/vc_row_inner][vc_row_inner equal_height=\u00a0\u00bbyes\u00a0\u00bb content_placement=\u00a0\u00bbtop\u00a0\u00bb][vc_column_inner width=\u00a0\u00bb1\/2&Prime; css=\u00a0\u00bb.vc_custom_1477342594576{padding-right: 3px !important;background-color: #f9f9f9 !important;}\u00a0\u00bb][vc_column_text] Pr\u00e9sentation en anglais [\/vc_column_text][\/vc_column_inner][vc_column_inner width=\u00a0\u00bb1\/2&Prime; css=\u00a0\u00bb.vc_custom_1481225713454{background-color: #f9f9f9 !important;}\u00a0\u00bb][vc_column_text] Compte rendu Biotech Agora [\/vc_column_text][\/vc_column_inner][\/vc_row_inner][vc_column_text] Interview Le Revenu TV de Sophie Baratte [\/vc_column_text][vc_raw_html]JTNDaWZyYW1lJTIwd2lkdGglM0QlMjI1NjAlMjIlMjBoZWlnaHQlM0QlMjIzMTUlMjIlMjBzcmMlM0QlMjJodHRwcyUzQSUyRiUyRnd3dy55b3V0dWJlLmNvbSUyRmVtYmVkJTJGQXhIbWhhaXBQbDQlM0ZyZWwlM0QwJTIyJTIwZnJhbWVib3JkZXIlM0QlMjIwJTIyJTIwYWxsb3clM0QlMjJhdXRvcGxheSUzQiUyMGVuY3J5cHRlZC1tZWRpYSUyMiUyMGFsbG93ZnVsbHNjcmVlbiUzRSUzQyUyRmlmcmFtZSUzRQ==[\/vc_raw_html][\/vc_column][\/vc_row]","protected":false},"author":12,"featured_media":0,"parent":0,"menu_order":0,"comment_status":"closed","ping_status":"closed","template":"","meta":{"inline_featured_image":false,"footnotes":""},"class_list":["post-2264","page","type-page","status-publish","hentry"],"yoast_head":"<!-- This site is optimized with the Yoast SEO plugin v24.2 - https:\/\/yoast.com\/wordpress\/plugins\/seo\/ -->\n<title>zone de t\u00e9l\u00e9chargement CELLNOVO - Biotech AGORA<\/title>\n<meta name=\"description\" content=\"Compte rendu de la soir\u00e9e DEINOVE du 3 octobre 2017\" \/>\n<meta name=\"robots\" content=\"noindex, nofollow\" \/>\n<meta property=\"og:locale\" content=\"fr_FR\" \/>\n<meta property=\"og:type\" content=\"article\" \/>\n<meta property=\"og:title\" content=\"zone de t\u00e9l\u00e9chargement CELLNOVO - Biotech AGORA\" \/>\n<meta property=\"og:description\" content=\"Compte rendu de la soir\u00e9e DEINOVE du 3 octobre 2017\" \/>\n<meta property=\"og:url\" content=\"https:\/\/www.biotech-agora.com\/fr\/zone-de-telechargement-cellnovo\/\" \/>\n<meta property=\"og:site_name\" content=\"Biotech AGORA\" \/>\n<meta property=\"article:modified_time\" content=\"2018-03-03T20:42:41+00:00\" \/>\n<meta name=\"twitter:card\" content=\"summary_large_image\" \/>\n<meta name=\"twitter:label1\" content=\"Dur\u00e9e de lecture estim\u00e9e\" \/>\n\t<meta name=\"twitter:data1\" content=\"2 minutes\" \/>\n<script type=\"application\/ld+json\" class=\"yoast-schema-graph\">{\"@context\":\"https:\/\/schema.org\",\"@graph\":[{\"@type\":\"WebPage\",\"@id\":\"https:\/\/www.biotech-agora.com\/fr\/zone-de-telechargement-cellnovo\/\",\"url\":\"https:\/\/www.biotech-agora.com\/fr\/zone-de-telechargement-cellnovo\/\",\"name\":\"zone de t\u00e9l\u00e9chargement CELLNOVO - Biotech AGORA\",\"isPartOf\":{\"@id\":\"https:\/\/www.biotech-agora.com\/fr\/#website\"},\"datePublished\":\"2018-01-31T13:26:59+00:00\",\"dateModified\":\"2018-03-03T20:42:41+00:00\",\"description\":\"Compte rendu de la soir\u00e9e DEINOVE du 3 octobre 2017\",\"breadcrumb\":{\"@id\":\"https:\/\/www.biotech-agora.com\/fr\/zone-de-telechargement-cellnovo\/#breadcrumb\"},\"inLanguage\":\"fr-FR\",\"potentialAction\":[{\"@type\":\"ReadAction\",\"target\":[\"https:\/\/www.biotech-agora.com\/fr\/zone-de-telechargement-cellnovo\/\"]}]},{\"@type\":\"BreadcrumbList\",\"@id\":\"https:\/\/www.biotech-agora.com\/fr\/zone-de-telechargement-cellnovo\/#breadcrumb\",\"itemListElement\":[{\"@type\":\"ListItem\",\"position\":1,\"name\":\"Accueil\",\"item\":\"https:\/\/www.biotech-agora.com\/\"},{\"@type\":\"ListItem\",\"position\":2,\"name\":\"zone de t\u00e9l\u00e9chargement CELLNOVO\"}]},{\"@type\":\"WebSite\",\"@id\":\"https:\/\/www.biotech-agora.com\/fr\/#website\",\"url\":\"https:\/\/www.biotech-agora.com\/fr\/\",\"name\":\"Biotech AGORA\",\"description\":\"Le Carrefour des Investisseurs\",\"publisher\":{\"@id\":\"https:\/\/www.biotech-agora.com\/fr\/#organization\"},\"potentialAction\":[{\"@type\":\"SearchAction\",\"target\":{\"@type\":\"EntryPoint\",\"urlTemplate\":\"https:\/\/www.biotech-agora.com\/fr\/?s={search_term_string}\"},\"query-input\":{\"@type\":\"PropertyValueSpecification\",\"valueRequired\":true,\"valueName\":\"search_term_string\"}}],\"inLanguage\":\"fr-FR\"},{\"@type\":\"Organization\",\"@id\":\"https:\/\/www.biotech-agora.com\/fr\/#organization\",\"name\":\"Biotech AGORA\",\"url\":\"https:\/\/www.biotech-agora.com\/fr\/\",\"logo\":{\"@type\":\"ImageObject\",\"inLanguage\":\"fr-FR\",\"@id\":\"https:\/\/www.biotech-agora.com\/fr\/#\/schema\/logo\/image\/\",\"url\":\"https:\/\/www.biotech-agora.com\/wp-content\/uploads\/2016\/06\/logo.png\",\"contentUrl\":\"https:\/\/www.biotech-agora.com\/wp-content\/uploads\/2016\/06\/logo.png\",\"width\":378,\"height\":324,\"caption\":\"Biotech AGORA\"},\"image\":{\"@id\":\"https:\/\/www.biotech-agora.com\/fr\/#\/schema\/logo\/image\/\"}}]}<\/script>\n<!-- \/ Yoast SEO plugin. -->","yoast_head_json":{"title":"zone de t\u00e9l\u00e9chargement CELLNOVO - Biotech AGORA","description":"Compte rendu de la soir\u00e9e DEINOVE du 3 octobre 2017","robots":{"index":"noindex","follow":"nofollow"},"og_locale":"fr_FR","og_type":"article","og_title":"zone de t\u00e9l\u00e9chargement CELLNOVO - Biotech AGORA","og_description":"Compte rendu de la soir\u00e9e DEINOVE du 3 octobre 2017","og_url":"https:\/\/www.biotech-agora.com\/fr\/zone-de-telechargement-cellnovo\/","og_site_name":"Biotech AGORA","article_modified_time":"2018-03-03T20:42:41+00:00","twitter_card":"summary_large_image","twitter_misc":{"Dur\u00e9e de lecture estim\u00e9e":"2 minutes"},"schema":{"@context":"https:\/\/schema.org","@graph":[{"@type":"WebPage","@id":"https:\/\/www.biotech-agora.com\/fr\/zone-de-telechargement-cellnovo\/","url":"https:\/\/www.biotech-agora.com\/fr\/zone-de-telechargement-cellnovo\/","name":"zone de t\u00e9l\u00e9chargement CELLNOVO - Biotech AGORA","isPartOf":{"@id":"https:\/\/www.biotech-agora.com\/fr\/#website"},"datePublished":"2018-01-31T13:26:59+00:00","dateModified":"2018-03-03T20:42:41+00:00","description":"Compte rendu de la soir\u00e9e DEINOVE du 3 octobre 2017","breadcrumb":{"@id":"https:\/\/www.biotech-agora.com\/fr\/zone-de-telechargement-cellnovo\/#breadcrumb"},"inLanguage":"fr-FR","potentialAction":[{"@type":"ReadAction","target":["https:\/\/www.biotech-agora.com\/fr\/zone-de-telechargement-cellnovo\/"]}]},{"@type":"BreadcrumbList","@id":"https:\/\/www.biotech-agora.com\/fr\/zone-de-telechargement-cellnovo\/#breadcrumb","itemListElement":[{"@type":"ListItem","position":1,"name":"Accueil","item":"https:\/\/www.biotech-agora.com\/"},{"@type":"ListItem","position":2,"name":"zone de t\u00e9l\u00e9chargement CELLNOVO"}]},{"@type":"WebSite","@id":"https:\/\/www.biotech-agora.com\/fr\/#website","url":"https:\/\/www.biotech-agora.com\/fr\/","name":"Biotech AGORA","description":"Le Carrefour des Investisseurs","publisher":{"@id":"https:\/\/www.biotech-agora.com\/fr\/#organization"},"potentialAction":[{"@type":"SearchAction","target":{"@type":"EntryPoint","urlTemplate":"https:\/\/www.biotech-agora.com\/fr\/?s={search_term_string}"},"query-input":{"@type":"PropertyValueSpecification","valueRequired":true,"valueName":"search_term_string"}}],"inLanguage":"fr-FR"},{"@type":"Organization","@id":"https:\/\/www.biotech-agora.com\/fr\/#organization","name":"Biotech AGORA","url":"https:\/\/www.biotech-agora.com\/fr\/","logo":{"@type":"ImageObject","inLanguage":"fr-FR","@id":"https:\/\/www.biotech-agora.com\/fr\/#\/schema\/logo\/image\/","url":"https:\/\/www.biotech-agora.com\/wp-content\/uploads\/2016\/06\/logo.png","contentUrl":"https:\/\/www.biotech-agora.com\/wp-content\/uploads\/2016\/06\/logo.png","width":378,"height":324,"caption":"Biotech AGORA"},"image":{"@id":"https:\/\/www.biotech-agora.com\/fr\/#\/schema\/logo\/image\/"}}]}},"_links":{"self":[{"href":"https:\/\/www.biotech-agora.com\/fr\/wp-json\/wp\/v2\/pages\/2264","targetHints":{"allow":["GET"]}}],"collection":[{"href":"https:\/\/www.biotech-agora.com\/fr\/wp-json\/wp\/v2\/pages"}],"about":[{"href":"https:\/\/www.biotech-agora.com\/fr\/wp-json\/wp\/v2\/types\/page"}],"author":[{"embeddable":true,"href":"https:\/\/www.biotech-agora.com\/fr\/wp-json\/wp\/v2\/users\/12"}],"replies":[{"embeddable":true,"href":"https:\/\/www.biotech-agora.com\/fr\/wp-json\/wp\/v2\/comments?post=2264"}],"version-history":[{"count":0,"href":"https:\/\/www.biotech-agora.com\/fr\/wp-json\/wp\/v2\/pages\/2264\/revisions"}],"wp:attachment":[{"href":"https:\/\/www.biotech-agora.com\/fr\/wp-json\/wp\/v2\/media?parent=2264"}],"curies":[{"name":"wp","href":"https:\/\/api.w.org\/{rel}","templated":true}]}}