{"id":3102,"date":"2019-04-25T18:15:48","date_gmt":"2019-04-25T16:15:48","guid":{"rendered":"https:\/\/www.biotech-agora.com\/?page_id=3102"},"modified":"2020-01-21T14:15:10","modified_gmt":"2020-01-21T13:15:10","slug":"zone-de-telechargement-lnc-therapeutics","status":"publish","type":"page","link":"https:\/\/www.biotech-agora.com\/fr\/zone-de-telechargement-lnc-therapeutics\/","title":{"rendered":"zone de t\u00e9l\u00e9chargement LNC Therapeutics"},"content":{"rendered":"[vc_row][vc_column][vc_row_inner content_placement=\u00a0\u00bbmiddle\u00a0\u00bb css=\u00a0\u00bb.vc_custom_1468857416904{background-color: #019794 !important;background-position: center !important;background-repeat: no-repeat !important;background-size: cover !important;border-radius: 5px !important;}\u00a0\u00bb][vc_column_inner][vc_column_text]\n<h1 style=\"text-align: center;\"><span style=\"color: #ffffff;\">Acc\u00e8s aux documents\u00a0LNC Therapeutics &#8211; 15 avril 2019\u00a0<\/span><\/h1>\n[\/vc_column_text][\/vc_column_inner][\/vc_row_inner][\/vc_column][\/vc_row]","protected":false},"excerpt":{"rendered":"[vc_row][vc_column][vc_row_inner content_placement=\u00a0\u00bbmiddle\u00a0\u00bb css=\u00a0\u00bb.vc_custom_1468857416904{background-color: #019794 !important;background-position: center !important;background-repeat: no-repeat !important;background-size: cover !important;border-radius: 5px !important;}\u00a0\u00bb][vc_column_inner][vc_column_text] Acc\u00e8s aux documents\u00a0LNC Therapeutics &#8211; 15 avril 2019\u00a0 [\/vc_column_text][\/vc_column_inner][\/vc_row_inner][\/vc_column][\/vc_row]","protected":false},"author":12,"featured_media":0,"parent":0,"menu_order":0,"comment_status":"closed","ping_status":"closed","template":"","meta":{"inline_featured_image":false,"footnotes":""},"class_list":["post-3102","page","type-page","status-publish","hentry"],"yoast_head":"<!-- This site is optimized with the Yoast SEO plugin v24.2 - https:\/\/yoast.com\/wordpress\/plugins\/seo\/ -->\n<title>zone de t\u00e9l\u00e9chargement LNC Therapeutics - Biotech AGORA<\/title>\n<meta name=\"description\" content=\"Compte rendu de la soir\u00e9e NEOVACS du 16 mai 2018\" \/>\n<meta name=\"robots\" content=\"noindex, nofollow\" \/>\n<meta property=\"og:locale\" content=\"fr_FR\" \/>\n<meta property=\"og:type\" content=\"article\" \/>\n<meta property=\"og:title\" content=\"zone de t\u00e9l\u00e9chargement LNC Therapeutics - Biotech AGORA\" \/>\n<meta property=\"og:description\" content=\"{:fr}Compte rendu de la soir\u00e9e NEOVACS du 16 mai 2018{:en}Compte rendu de la soir\u00e9e CELLNOVO du 30 janvier 2018{:}\" \/>\n<meta property=\"og:url\" content=\"https:\/\/www.biotech-agora.com\/zone-de-telechargement-lnc-therapeutics\/\" \/>\n<meta property=\"og:site_name\" content=\"Biotech AGORA\" \/>\n<meta property=\"article:modified_time\" content=\"2020-01-21T13:15:10+00:00\" \/>\n<meta name=\"twitter:card\" content=\"summary_large_image\" \/>\n<meta name=\"twitter:label1\" content=\"Dur\u00e9e de lecture estim\u00e9e\" \/>\n\t<meta name=\"twitter:data1\" content=\"1 minute\" \/>\n<script type=\"application\/ld+json\" class=\"yoast-schema-graph\">{\"@context\":\"https:\/\/schema.org\",\"@graph\":[{\"@type\":\"WebPage\",\"@id\":\"https:\/\/www.biotech-agora.com\/zone-de-telechargement-lnc-therapeutics\/\",\"url\":\"https:\/\/www.biotech-agora.com\/zone-de-telechargement-lnc-therapeutics\/\",\"name\":\"zone de t\u00e9l\u00e9chargement LNC Therapeutics - Biotech AGORA\",\"isPartOf\":{\"@id\":\"https:\/\/www.biotech-agora.com\/fr\/#website\"},\"datePublished\":\"2019-04-25T16:15:48+00:00\",\"dateModified\":\"2020-01-21T13:15:10+00:00\",\"description\":\"{:fr}Compte rendu de la soir\u00e9e NEOVACS du 16 mai 2018{:en}Compte rendu de la soir\u00e9e CELLNOVO du 30 janvier 2018{:}\",\"breadcrumb\":{\"@id\":\"https:\/\/www.biotech-agora.com\/zone-de-telechargement-lnc-therapeutics\/#breadcrumb\"},\"inLanguage\":\"fr-FR\",\"potentialAction\":[{\"@type\":\"ReadAction\",\"target\":[\"https:\/\/www.biotech-agora.com\/zone-de-telechargement-lnc-therapeutics\/\"]}]},{\"@type\":\"BreadcrumbList\",\"@id\":\"https:\/\/www.biotech-agora.com\/zone-de-telechargement-lnc-therapeutics\/#breadcrumb\",\"itemListElement\":[{\"@type\":\"ListItem\",\"position\":1,\"name\":\"Accueil\",\"item\":\"https:\/\/www.biotech-agora.com\/\"},{\"@type\":\"ListItem\",\"position\":2,\"name\":\"zone de t\u00e9l\u00e9chargement LNC Therapeutics\"}]},{\"@type\":\"WebSite\",\"@id\":\"https:\/\/www.biotech-agora.com\/fr\/#website\",\"url\":\"https:\/\/www.biotech-agora.com\/fr\/\",\"name\":\"Biotech AGORA\",\"description\":\"Le Carrefour des Investisseurs\",\"publisher\":{\"@id\":\"https:\/\/www.biotech-agora.com\/fr\/#organization\"},\"potentialAction\":[{\"@type\":\"SearchAction\",\"target\":{\"@type\":\"EntryPoint\",\"urlTemplate\":\"https:\/\/www.biotech-agora.com\/fr\/?s={search_term_string}\"},\"query-input\":{\"@type\":\"PropertyValueSpecification\",\"valueRequired\":true,\"valueName\":\"search_term_string\"}}],\"inLanguage\":\"fr-FR\"},{\"@type\":\"Organization\",\"@id\":\"https:\/\/www.biotech-agora.com\/fr\/#organization\",\"name\":\"Biotech AGORA\",\"url\":\"https:\/\/www.biotech-agora.com\/fr\/\",\"logo\":{\"@type\":\"ImageObject\",\"inLanguage\":\"fr-FR\",\"@id\":\"https:\/\/www.biotech-agora.com\/fr\/#\/schema\/logo\/image\/\",\"url\":\"https:\/\/www.biotech-agora.com\/wp-content\/uploads\/2016\/06\/logo.png\",\"contentUrl\":\"https:\/\/www.biotech-agora.com\/wp-content\/uploads\/2016\/06\/logo.png\",\"width\":378,\"height\":324,\"caption\":\"Biotech AGORA\"},\"image\":{\"@id\":\"https:\/\/www.biotech-agora.com\/fr\/#\/schema\/logo\/image\/\"}}]}<\/script>\n<!-- \/ Yoast SEO plugin. -->","yoast_head_json":{"title":"zone de t\u00e9l\u00e9chargement LNC Therapeutics - Biotech AGORA","description":"Compte rendu de la soir\u00e9e NEOVACS du 16 mai 2018","robots":{"index":"noindex","follow":"nofollow"},"og_locale":"fr_FR","og_type":"article","og_title":"zone de t\u00e9l\u00e9chargement LNC Therapeutics - Biotech AGORA","og_description":"{:fr}Compte rendu de la soir\u00e9e NEOVACS du 16 mai 2018{:en}Compte rendu de la soir\u00e9e CELLNOVO du 30 janvier 2018{:}","og_url":"https:\/\/www.biotech-agora.com\/zone-de-telechargement-lnc-therapeutics\/","og_site_name":"Biotech AGORA","article_modified_time":"2020-01-21T13:15:10+00:00","twitter_card":"summary_large_image","twitter_misc":{"Dur\u00e9e de lecture estim\u00e9e":"1 minute"},"schema":{"@context":"https:\/\/schema.org","@graph":[{"@type":"WebPage","@id":"https:\/\/www.biotech-agora.com\/zone-de-telechargement-lnc-therapeutics\/","url":"https:\/\/www.biotech-agora.com\/zone-de-telechargement-lnc-therapeutics\/","name":"zone de t\u00e9l\u00e9chargement LNC Therapeutics - Biotech AGORA","isPartOf":{"@id":"https:\/\/www.biotech-agora.com\/fr\/#website"},"datePublished":"2019-04-25T16:15:48+00:00","dateModified":"2020-01-21T13:15:10+00:00","description":"{:fr}Compte rendu de la soir\u00e9e NEOVACS du 16 mai 2018{:en}Compte rendu de la soir\u00e9e CELLNOVO du 30 janvier 2018{:}","breadcrumb":{"@id":"https:\/\/www.biotech-agora.com\/zone-de-telechargement-lnc-therapeutics\/#breadcrumb"},"inLanguage":"fr-FR","potentialAction":[{"@type":"ReadAction","target":["https:\/\/www.biotech-agora.com\/zone-de-telechargement-lnc-therapeutics\/"]}]},{"@type":"BreadcrumbList","@id":"https:\/\/www.biotech-agora.com\/zone-de-telechargement-lnc-therapeutics\/#breadcrumb","itemListElement":[{"@type":"ListItem","position":1,"name":"Accueil","item":"https:\/\/www.biotech-agora.com\/"},{"@type":"ListItem","position":2,"name":"zone de t\u00e9l\u00e9chargement LNC Therapeutics"}]},{"@type":"WebSite","@id":"https:\/\/www.biotech-agora.com\/fr\/#website","url":"https:\/\/www.biotech-agora.com\/fr\/","name":"Biotech AGORA","description":"Le Carrefour des Investisseurs","publisher":{"@id":"https:\/\/www.biotech-agora.com\/fr\/#organization"},"potentialAction":[{"@type":"SearchAction","target":{"@type":"EntryPoint","urlTemplate":"https:\/\/www.biotech-agora.com\/fr\/?s={search_term_string}"},"query-input":{"@type":"PropertyValueSpecification","valueRequired":true,"valueName":"search_term_string"}}],"inLanguage":"fr-FR"},{"@type":"Organization","@id":"https:\/\/www.biotech-agora.com\/fr\/#organization","name":"Biotech AGORA","url":"https:\/\/www.biotech-agora.com\/fr\/","logo":{"@type":"ImageObject","inLanguage":"fr-FR","@id":"https:\/\/www.biotech-agora.com\/fr\/#\/schema\/logo\/image\/","url":"https:\/\/www.biotech-agora.com\/wp-content\/uploads\/2016\/06\/logo.png","contentUrl":"https:\/\/www.biotech-agora.com\/wp-content\/uploads\/2016\/06\/logo.png","width":378,"height":324,"caption":"Biotech AGORA"},"image":{"@id":"https:\/\/www.biotech-agora.com\/fr\/#\/schema\/logo\/image\/"}}]}},"_links":{"self":[{"href":"https:\/\/www.biotech-agora.com\/fr\/wp-json\/wp\/v2\/pages\/3102","targetHints":{"allow":["GET"]}}],"collection":[{"href":"https:\/\/www.biotech-agora.com\/fr\/wp-json\/wp\/v2\/pages"}],"about":[{"href":"https:\/\/www.biotech-agora.com\/fr\/wp-json\/wp\/v2\/types\/page"}],"author":[{"embeddable":true,"href":"https:\/\/www.biotech-agora.com\/fr\/wp-json\/wp\/v2\/users\/12"}],"replies":[{"embeddable":true,"href":"https:\/\/www.biotech-agora.com\/fr\/wp-json\/wp\/v2\/comments?post=3102"}],"version-history":[{"count":0,"href":"https:\/\/www.biotech-agora.com\/fr\/wp-json\/wp\/v2\/pages\/3102\/revisions"}],"wp:attachment":[{"href":"https:\/\/www.biotech-agora.com\/fr\/wp-json\/wp\/v2\/media?parent=3102"}],"curies":[{"name":"wp","href":"https:\/\/api.w.org\/{rel}","templated":true}]}}