{"id":3591,"date":"2024-03-06T11:06:26","date_gmt":"2024-03-06T10:06:26","guid":{"rendered":"https:\/\/www.biotech-agora.com\/?page_id=3591"},"modified":"2024-09-24T10:32:10","modified_gmt":"2024-09-24T08:32:10","slug":"actualites","status":"publish","type":"page","link":"https:\/\/www.biotech-agora.com\/fr\/actualites\/","title":{"rendered":"Actualit\u00e9s"},"content":{"rendered":"[vc_row][vc_column][vc_column_text]\n<style>\n@media screen and (max-width: 1200px) {<br \/>\n.container-pdf {<br \/>\n    flex-direction: column;<br \/>\n}<br \/>\n.container-pdf > a {<br \/>\n    margin-bottom: 20px;<br \/>\n}<br \/>\n<\/style>\n<h1 style=\"text-align: center;\">Communiqu\u00e9 de presse<\/h1>\n<p class=\"container-pdf\" align=\"center\" style=\"display: flex; justify-content: center;margin-top: 50px;\">\n<a style=\"color:#000;padding: 0 20px;\" href=\"https:\/\/www.biotech-agora.com\/wp-content\/uploads\/2024\/09\/SEITOSEI-ACTIFIN-BIOTECH-AGORA_barometre-.pdf\" rel=\"noopener\" target=\"_blank\"><img decoding=\"async\" width=\"100\" src=\"https:\/\/www.biotech-agora.com\/wp-content\/uploads\/2024\/03\/icon_pdf-250x250.png\" alt=\"\" class=\"alignnone size-medium wp-image-3628\" srcset=\"https:\/\/www.biotech-agora.com\/wp-content\/uploads\/2024\/03\/icon_pdf-250x250.png 250w, https:\/\/www.biotech-agora.com\/wp-content\/uploads\/2024\/03\/icon_pdf-150x150.png 150w, https:\/\/www.biotech-agora.com\/wp-content\/uploads\/2024\/03\/icon_pdf-120x120.png 120w, https:\/\/www.biotech-agora.com\/wp-content\/uploads\/2024\/03\/icon_pdf.png 512w\" sizes=\"(max-width: 250px) 100vw, 250px\" \/><br \/>\n<strong>Une communaut\u00e9 d\u2019investisseurs individuels<br \/>\naujourd\u2019hui \u00e0 la recherche de nouvelles opportunit\u00e9s d\u2019investissement<br \/>\ndans le secteur des Healthtech<\/strong><\/a><br \/>\n<a style=\"color:#000;padding: 0 20px;\" href=\"https:\/\/www.biotech-agora.com\/wp-content\/uploads\/2024\/03\/SEITOSEI-ACTIFIN-Acquisition_BIOTECH-AGORA.pdf\" rel=\"noopener\" target=\"_blank\"><img decoding=\"async\" width=\"100\" src=\"https:\/\/www.biotech-agora.com\/wp-content\/uploads\/2024\/03\/icon_pdf-250x250.png\" alt=\"\" class=\"alignnone size-medium wp-image-3628\" srcset=\"https:\/\/www.biotech-agora.com\/wp-content\/uploads\/2024\/03\/icon_pdf-250x250.png 250w, https:\/\/www.biotech-agora.com\/wp-content\/uploads\/2024\/03\/icon_pdf-150x150.png 150w, https:\/\/www.biotech-agora.com\/wp-content\/uploads\/2024\/03\/icon_pdf-120x120.png 120w, https:\/\/www.biotech-agora.com\/wp-content\/uploads\/2024\/03\/icon_pdf.png 512w\" sizes=\"(max-width: 250px) 100vw, 250px\" \/><br \/>\n<strong>SEITOSEI\u2022ACTIFIN renforce son expertise<br \/>\ndans la Sant\u00e9 avec l\u2019acquisition de Biotech AGORA<\/strong><\/a><\/p>\n[\/vc_column_text][\/vc_column][\/vc_row]","protected":false},"excerpt":{"rendered":"[vc_row][vc_column][vc_column_text] Communiqu\u00e9 de presse Une communaut\u00e9 d\u2019investisseurs individuels aujourd\u2019hui \u00e0 la recherche de nouvelles opportunit\u00e9s d\u2019investissement dans le secteur des Healthtech SEITOSEI\u2022ACTIFIN renforce son expertise dans la Sant\u00e9 avec l\u2019acquisition de Biotech AGORA [\/vc_column_text][\/vc_column][\/vc_row]","protected":false},"author":12,"featured_media":0,"parent":0,"menu_order":0,"comment_status":"closed","ping_status":"closed","template":"","meta":{"inline_featured_image":false,"footnotes":""},"class_list":["post-3591","page","type-page","status-publish","hentry"],"yoast_head":"<!-- This site is optimized with the Yoast SEO plugin v24.2 - https:\/\/yoast.com\/wordpress\/plugins\/seo\/ -->\n<title>Actualit\u00e9s - Biotech AGORA<\/title>\n<meta name=\"robots\" content=\"index, follow, max-snippet:-1, max-image-preview:large, max-video-preview:-1\" \/>\n<link rel=\"canonical\" href=\"https:\/\/www.biotech-agora.com\/actualites\/\" \/>\n<meta property=\"og:locale\" content=\"fr_FR\" \/>\n<meta property=\"og:type\" content=\"article\" \/>\n<meta property=\"og:title\" content=\"Actualit\u00e9s - Biotech AGORA\" \/>\n<meta property=\"og:description\" content=\"[vc_row][vc_column][vc_column_text] Communiqu\u00e9 de presse Une communaut\u00e9 d\u2019investisseurs individuels aujourd\u2019hui \u00e0 la recherche de nouvelles opportunit\u00e9s d\u2019investissement dans le secteur des Healthtech SEITOSEI\u2022ACTIFIN renforce son expertise dans la Sant\u00e9 avec l\u2019acquisition de Biotech AGORA [\/vc_column_text][\/vc_column][\/vc_row]\" \/>\n<meta property=\"og:url\" content=\"https:\/\/www.biotech-agora.com\/actualites\/\" \/>\n<meta property=\"og:site_name\" content=\"Biotech AGORA\" \/>\n<meta property=\"article:modified_time\" content=\"2024-09-24T08:32:10+00:00\" \/>\n<meta property=\"og:image\" content=\"https:\/\/www.biotech-agora.com\/wp-content\/uploads\/2024\/03\/icon_pdf-250x250.png\" \/>\n<meta name=\"twitter:card\" content=\"summary_large_image\" \/>\n<meta name=\"twitter:label1\" content=\"Dur\u00e9e de lecture estim\u00e9e\" \/>\n\t<meta name=\"twitter:data1\" content=\"1 minute\" \/>\n<script type=\"application\/ld+json\" class=\"yoast-schema-graph\">{\"@context\":\"https:\/\/schema.org\",\"@graph\":[{\"@type\":\"WebPage\",\"@id\":\"https:\/\/www.biotech-agora.com\/actualites\/\",\"url\":\"https:\/\/www.biotech-agora.com\/actualites\/\",\"name\":\"Actualit\u00e9s - Biotech AGORA\",\"isPartOf\":{\"@id\":\"https:\/\/www.biotech-agora.com\/fr\/#website\"},\"primaryImageOfPage\":{\"@id\":\"https:\/\/www.biotech-agora.com\/actualites\/#primaryimage\"},\"image\":{\"@id\":\"https:\/\/www.biotech-agora.com\/actualites\/#primaryimage\"},\"thumbnailUrl\":\"https:\/\/www.biotech-agora.com\/wp-content\/uploads\/2024\/03\/icon_pdf-250x250.png\",\"datePublished\":\"2024-03-06T10:06:26+00:00\",\"dateModified\":\"2024-09-24T08:32:10+00:00\",\"breadcrumb\":{\"@id\":\"https:\/\/www.biotech-agora.com\/actualites\/#breadcrumb\"},\"inLanguage\":\"fr-FR\",\"potentialAction\":[{\"@type\":\"ReadAction\",\"target\":[\"https:\/\/www.biotech-agora.com\/actualites\/\"]}]},{\"@type\":\"ImageObject\",\"inLanguage\":\"fr-FR\",\"@id\":\"https:\/\/www.biotech-agora.com\/actualites\/#primaryimage\",\"url\":\"https:\/\/www.biotech-agora.com\/wp-content\/uploads\/2024\/03\/icon_pdf-250x250.png\",\"contentUrl\":\"https:\/\/www.biotech-agora.com\/wp-content\/uploads\/2024\/03\/icon_pdf-250x250.png\"},{\"@type\":\"BreadcrumbList\",\"@id\":\"https:\/\/www.biotech-agora.com\/actualites\/#breadcrumb\",\"itemListElement\":[{\"@type\":\"ListItem\",\"position\":1,\"name\":\"Accueil\",\"item\":\"https:\/\/www.biotech-agora.com\/\"},{\"@type\":\"ListItem\",\"position\":2,\"name\":\"Actualit\u00e9s\"}]},{\"@type\":\"WebSite\",\"@id\":\"https:\/\/www.biotech-agora.com\/fr\/#website\",\"url\":\"https:\/\/www.biotech-agora.com\/fr\/\",\"name\":\"Biotech AGORA\",\"description\":\"Le Carrefour des Investisseurs\",\"publisher\":{\"@id\":\"https:\/\/www.biotech-agora.com\/fr\/#organization\"},\"potentialAction\":[{\"@type\":\"SearchAction\",\"target\":{\"@type\":\"EntryPoint\",\"urlTemplate\":\"https:\/\/www.biotech-agora.com\/fr\/?s={search_term_string}\"},\"query-input\":{\"@type\":\"PropertyValueSpecification\",\"valueRequired\":true,\"valueName\":\"search_term_string\"}}],\"inLanguage\":\"fr-FR\"},{\"@type\":\"Organization\",\"@id\":\"https:\/\/www.biotech-agora.com\/fr\/#organization\",\"name\":\"Biotech AGORA\",\"url\":\"https:\/\/www.biotech-agora.com\/fr\/\",\"logo\":{\"@type\":\"ImageObject\",\"inLanguage\":\"fr-FR\",\"@id\":\"https:\/\/www.biotech-agora.com\/fr\/#\/schema\/logo\/image\/\",\"url\":\"https:\/\/www.biotech-agora.com\/wp-content\/uploads\/2016\/06\/logo.png\",\"contentUrl\":\"https:\/\/www.biotech-agora.com\/wp-content\/uploads\/2016\/06\/logo.png\",\"width\":378,\"height\":324,\"caption\":\"Biotech AGORA\"},\"image\":{\"@id\":\"https:\/\/www.biotech-agora.com\/fr\/#\/schema\/logo\/image\/\"}}]}<\/script>\n<!-- \/ Yoast SEO plugin. -->","yoast_head_json":{"title":"Actualit\u00e9s - Biotech AGORA","robots":{"index":"index","follow":"follow","max-snippet":"max-snippet:-1","max-image-preview":"max-image-preview:large","max-video-preview":"max-video-preview:-1"},"canonical":"https:\/\/www.biotech-agora.com\/actualites\/","og_locale":"fr_FR","og_type":"article","og_title":"Actualit\u00e9s - Biotech AGORA","og_description":"[vc_row][vc_column][vc_column_text] Communiqu\u00e9 de presse Une communaut\u00e9 d\u2019investisseurs individuels aujourd\u2019hui \u00e0 la recherche de nouvelles opportunit\u00e9s d\u2019investissement dans le secteur des Healthtech SEITOSEI\u2022ACTIFIN renforce son expertise dans la Sant\u00e9 avec l\u2019acquisition de Biotech AGORA [\/vc_column_text][\/vc_column][\/vc_row]","og_url":"https:\/\/www.biotech-agora.com\/actualites\/","og_site_name":"Biotech AGORA","article_modified_time":"2024-09-24T08:32:10+00:00","og_image":[{"url":"https:\/\/www.biotech-agora.com\/wp-content\/uploads\/2024\/03\/icon_pdf-250x250.png","type":"","width":"","height":""}],"twitter_card":"summary_large_image","twitter_misc":{"Dur\u00e9e de lecture estim\u00e9e":"1 minute"},"schema":{"@context":"https:\/\/schema.org","@graph":[{"@type":"WebPage","@id":"https:\/\/www.biotech-agora.com\/actualites\/","url":"https:\/\/www.biotech-agora.com\/actualites\/","name":"Actualit\u00e9s - Biotech AGORA","isPartOf":{"@id":"https:\/\/www.biotech-agora.com\/fr\/#website"},"primaryImageOfPage":{"@id":"https:\/\/www.biotech-agora.com\/actualites\/#primaryimage"},"image":{"@id":"https:\/\/www.biotech-agora.com\/actualites\/#primaryimage"},"thumbnailUrl":"https:\/\/www.biotech-agora.com\/wp-content\/uploads\/2024\/03\/icon_pdf-250x250.png","datePublished":"2024-03-06T10:06:26+00:00","dateModified":"2024-09-24T08:32:10+00:00","breadcrumb":{"@id":"https:\/\/www.biotech-agora.com\/actualites\/#breadcrumb"},"inLanguage":"fr-FR","potentialAction":[{"@type":"ReadAction","target":["https:\/\/www.biotech-agora.com\/actualites\/"]}]},{"@type":"ImageObject","inLanguage":"fr-FR","@id":"https:\/\/www.biotech-agora.com\/actualites\/#primaryimage","url":"https:\/\/www.biotech-agora.com\/wp-content\/uploads\/2024\/03\/icon_pdf-250x250.png","contentUrl":"https:\/\/www.biotech-agora.com\/wp-content\/uploads\/2024\/03\/icon_pdf-250x250.png"},{"@type":"BreadcrumbList","@id":"https:\/\/www.biotech-agora.com\/actualites\/#breadcrumb","itemListElement":[{"@type":"ListItem","position":1,"name":"Accueil","item":"https:\/\/www.biotech-agora.com\/"},{"@type":"ListItem","position":2,"name":"Actualit\u00e9s"}]},{"@type":"WebSite","@id":"https:\/\/www.biotech-agora.com\/fr\/#website","url":"https:\/\/www.biotech-agora.com\/fr\/","name":"Biotech AGORA","description":"Le Carrefour des Investisseurs","publisher":{"@id":"https:\/\/www.biotech-agora.com\/fr\/#organization"},"potentialAction":[{"@type":"SearchAction","target":{"@type":"EntryPoint","urlTemplate":"https:\/\/www.biotech-agora.com\/fr\/?s={search_term_string}"},"query-input":{"@type":"PropertyValueSpecification","valueRequired":true,"valueName":"search_term_string"}}],"inLanguage":"fr-FR"},{"@type":"Organization","@id":"https:\/\/www.biotech-agora.com\/fr\/#organization","name":"Biotech AGORA","url":"https:\/\/www.biotech-agora.com\/fr\/","logo":{"@type":"ImageObject","inLanguage":"fr-FR","@id":"https:\/\/www.biotech-agora.com\/fr\/#\/schema\/logo\/image\/","url":"https:\/\/www.biotech-agora.com\/wp-content\/uploads\/2016\/06\/logo.png","contentUrl":"https:\/\/www.biotech-agora.com\/wp-content\/uploads\/2016\/06\/logo.png","width":378,"height":324,"caption":"Biotech AGORA"},"image":{"@id":"https:\/\/www.biotech-agora.com\/fr\/#\/schema\/logo\/image\/"}}]}},"_links":{"self":[{"href":"https:\/\/www.biotech-agora.com\/fr\/wp-json\/wp\/v2\/pages\/3591","targetHints":{"allow":["GET"]}}],"collection":[{"href":"https:\/\/www.biotech-agora.com\/fr\/wp-json\/wp\/v2\/pages"}],"about":[{"href":"https:\/\/www.biotech-agora.com\/fr\/wp-json\/wp\/v2\/types\/page"}],"author":[{"embeddable":true,"href":"https:\/\/www.biotech-agora.com\/fr\/wp-json\/wp\/v2\/users\/12"}],"replies":[{"embeddable":true,"href":"https:\/\/www.biotech-agora.com\/fr\/wp-json\/wp\/v2\/comments?post=3591"}],"version-history":[{"count":3,"href":"https:\/\/www.biotech-agora.com\/fr\/wp-json\/wp\/v2\/pages\/3591\/revisions"}],"predecessor-version":[{"id":3705,"href":"https:\/\/www.biotech-agora.com\/fr\/wp-json\/wp\/v2\/pages\/3591\/revisions\/3705"}],"wp:attachment":[{"href":"https:\/\/www.biotech-agora.com\/fr\/wp-json\/wp\/v2\/media?parent=3591"}],"curies":[{"name":"wp","href":"https:\/\/api.w.org\/{rel}","templated":true}]}}