{"id":3707,"date":"2024-09-24T11:35:09","date_gmt":"2024-09-24T09:35:09","guid":{"rendered":"https:\/\/www.biotech-agora.com\/?page_id=3707"},"modified":"2024-10-15T14:43:53","modified_gmt":"2024-10-15T12:43:53","slug":"mentions-legales","status":"publish","type":"page","link":"https:\/\/www.biotech-agora.com\/fr\/mentions-legales\/","title":{"rendered":"Mentions l\u00e9gales"},"content":{"rendered":"[vc_row][vc_column css=\u00a0\u00bb.vc_custom_1728990257379{margin-bottom: 20px !important;}\u00a0\u00bb][vc_column_text css=\u00a0\u00bb.vc_custom_1728990241506{margin-bottom: 20px !important;}\u00a0\u00bb]\n<h1>Mentions l\u00e9gales<\/h1>\n[\/vc_column_text][\/vc_column][\/vc_row][vc_row][vc_column][vc_column_text]Conditions g\u00e9n\u00e9rales d\u2019utilisation du site biotech-agora.com<\/p>\n<p>Bienvenue sur le site internet https:\/\/ www.biotech-agora.com (le \u00ab site internet \u00bb). En vous connectant ou en utilisant notre site internet, vous reconnaissez avoir lu, compris, et accept\u00e9, sans limitation ni r\u00e9serve, les pr\u00e9sentes conditions g\u00e9n\u00e9rales d\u2019utilisation et notre charte sur la protection des donn\u00e9es \u00e0 caract\u00e8re personnel.<\/p>\n<p>&nbsp;<\/p>\n<p><strong>1. Identit\u00e9<\/strong><\/p>\n<p><strong>Soci\u00e9t\u00e9 \u00e9ditrice du site internet\u00a0:<\/strong><br \/>\nSEITOSEI SAS<br \/>\nSoci\u00e9t\u00e9 fran\u00e7aise, au capital de 76 700,00 Euros<br \/>\nDont le si\u00e8ge social est situ\u00e9 73 rue d\u2019Anjou 75008 Paris<br \/>\nImmatricul\u00e9e au Registre National des Entreprises sous le num\u00e9ro 478 453 038<br \/>\nNum\u00e9ro T.V.A.\u00a0: FR 74 478 453 038<br \/>\nT\u00e9l.\u00a0: 01 78 94 87 30<br \/>\n<a href=\"https:\/\/www.seitosei-actifin.com\/\" target=\"_blank\" rel=\"noopener\">www.seitosei-actifin.com<\/a><\/p>\n<p><strong>L\u2019h\u00e9bergement du site internet est assur\u00e9 par\u00a0:<\/strong><br \/>\nLe site est h\u00e9berg\u00e9 sur les mat\u00e9riels informatiques de la soci\u00e9t\u00e9 OVH, dont le si\u00e8ge social est situ\u00e9\u00a0:<br \/>\n2 rue Kellermann<br \/>\nBP 80157 59053<br \/>\nRoubaix Cedex 1<br \/>\n<a href=\"https:\/\/www.ovh.com\" target=\"_blank\" rel=\"noopener\">www.ovh.com<\/a><\/p>\n<p>La soci\u00e9t\u00e9 BIOTECH AGORA appartenant \u00e0 la soci\u00e9t\u00e9 \u00e9ditrice du site internet a une existence l\u00e9gale ind\u00e9pendante et dispose d&rsquo;une personnalit\u00e9 juridique autonome. Toutefois, sur ce site internet les termes \u00ab Soci\u00e9t\u00e9 \u00bb, ou \u00ab nous \u00bb, sont utilis\u00e9s pour d\u00e9signer la soci\u00e9t\u00e9 \u00e9ditrice du site internet.<\/p>\n<p>&nbsp;<\/p>\n<p><strong>2. Informations sur les activit\u00e9s<\/strong><\/p>\n<p>La Soci\u00e9t\u00e9 a mis en ligne ce site internet afin de vous pr\u00e9senter ses activit\u00e9s et vous fournir les informations et recommandations li\u00e9es \u00e0 ses activit\u00e9s ou \u00e0 vos centres d&rsquo;int\u00e9r\u00eat. La Soci\u00e9t\u00e9 peut modifier les informations contenues dans ce site internet concernant ses activit\u00e9s, \u00e0 tout moment et sans pr\u00e9avis. Ces informations sont fournies dans le cadre d\u2019une information g\u00e9n\u00e9rale, sans garantie d&rsquo;ad\u00e9quation \u00e0 un besoin particulier d&rsquo;utilisation.<\/p>\n<p>&nbsp;<\/p>\n<p><strong>3. Propri\u00e9t\u00e9 intellectuelle<br \/>\n<\/strong><br \/>\n<strong>3.a.<\/strong> Toutes les informations ou documents (textes, images anim\u00e9es ou non, bases de donn\u00e9es, sons, photos, savoir-faire, produits cit\u00e9s) contenus dans le site internet ainsi que tous les \u00e9l\u00e9ments cr\u00e9\u00e9s pour le site internet et sa structure g\u00e9n\u00e9rale, sont soit la propri\u00e9t\u00e9 de la Soci\u00e9t\u00e9, soit font l&rsquo;objet de droits d&rsquo;utilisation, de reproduction et de repr\u00e9sentation consentis au profit de ces derni\u00e8res. Ces informations, documents ou \u00e9l\u00e9ments sont soumis aux lois prot\u00e9geant le droit d&rsquo;auteur d\u00e8s lors qu&rsquo;elles sont mises \u00e0 la disposition du public sur ce site internet. Aucune licence, ni aucun droit autre que celui de consulter le site internet, n&rsquo;est conf\u00e9r\u00e9 \u00e0 quiconque au regard des droits de propri\u00e9t\u00e9 intellectuelle. La reproduction des documents du site internet est autoris\u00e9e \u00e0 des fins exclusives d&rsquo;information pour un usage personnel et priv\u00e9\u00a0: toute reproduction et toute utilisation de copie r\u00e9alis\u00e9e \u00e0 d&rsquo;autres fins est express\u00e9ment interdite et soumise \u00e0 l&rsquo;autorisation pr\u00e9alable et expresse de la Soci\u00e9t\u00e9. Dans tous les cas, la reproduction autoris\u00e9e des informations contenues dans ce site internet devra indiquer la source et la mention de propri\u00e9t\u00e9 ad\u00e9quates.<\/p>\n<p><strong>3.b.<\/strong> Signes distinctifs. Sauf mention contraire, les d\u00e9nominations sociales, les logos, les produits et marques cit\u00e9s dans ce site internet sont la propri\u00e9t\u00e9 de la Soci\u00e9t\u00e9. Ils ne peuvent \u00eatre utilis\u00e9s sans l&rsquo;autorisation \u00e9crite pr\u00e9alable de la Soci\u00e9t\u00e9.<\/p>\n<p>&nbsp;<\/p>\n<p><strong>4. Engagement de l&rsquo;utilisateur<br \/>\n<\/strong><br \/>\nChaque visiteur du site internet qui fournit des informations consent \u00e0 la Soci\u00e9t\u00e9 l&rsquo;int\u00e9gralit\u00e9 des droits transf\u00e9rables relatifs \u00e0 cette information et autorise la Soci\u00e9t\u00e9 \u00e0 en faire usage. Les informations ainsi fournies par les visiteurs seront consid\u00e9r\u00e9es comme non confidentielles. Toutefois, lorsque les informations fournies sont des donn\u00e9es personnelles telles que d\u00e9finies par la loi \u00ab Informatique et Libert\u00e9s \u00bb du 6 janvier 1978 modifi\u00e9e, nous nous engageons \u00e0 traiter ces informations conform\u00e9ment \u00e0 notre charte sur la protection des donn\u00e9es \u00e0 caract\u00e8re personnel applicable \u00e0 ce site internet.<\/p>\n<p>&nbsp;<\/p>\n<p><strong>5. Liens hypertextes<br \/>\n<\/strong><br \/>\nActivation des liens. La Soci\u00e9t\u00e9 d\u00e9cline formellement toute responsabilit\u00e9 quant aux contenus des sites vers lesquels elle offre des liens. Ces liens sont propos\u00e9s aux utilisateurs de ce site internet en tant que service. Veuillez consulter les conditions g\u00e9n\u00e9rales et la charte sur la protection des donn\u00e9es \u00e0 caract\u00e8re personnel de ces sites afin de comprendre leurs pratiques. La d\u00e9cision d&rsquo;activer les liens appartient exclusivement aux utilisateurs du site internet. La Soci\u00e9t\u00e9 peut modifier ou supprimer un lien sur son site internet \u00e0 tout moment.<\/p>\n<p>&nbsp;<\/p>\n<p><strong>6. Mises \u00e0 jour des conditions d&rsquo;utilisation du site internet et loi applicable<br \/>\n<\/strong><br \/>\nLa Soci\u00e9t\u00e9 peut proc\u00e9der \u00e0 la mise \u00e0 jour de ces conditions d&rsquo;utilisation \u00e0 tout moment. En cons\u00e9quence, vous \u00eates invit\u00e9s \u00e0 vous r\u00e9f\u00e9rer r\u00e9guli\u00e8rement aux derni\u00e8res conditions d&rsquo;utilisation en vigueur. Ces conditions d\u2019utilisation sont soumises au droit fran\u00e7ais et rel\u00e8vent de la comp\u00e9tence des tribunaux fran\u00e7ais.<\/p>\n<p>&nbsp;<\/p>\n<p><strong>7. Coordonn\u00e9es de contact<br \/>\n<\/strong><br \/>\nPour toute question relative aux conditions d\u2019utilisation du site internet <a href=\"https:\/\/www.biotech-agora.com\/fr\/\">https:\/\/www.biotech-agora.com\/fr\/<\/a><br \/>\nVeuillez nous contacter courrier postal \u00e0 l\u2019adresse suivante\u00a0:<br \/>\nBIOTECH AGORA, 73 RUE D&rsquo;ANJOU 75008 PARIS[\/vc_column_text][\/vc_column][\/vc_row]","protected":false},"excerpt":{"rendered":"[vc_row][vc_column css=\u00a0\u00bb.vc_custom_1728990257379{margin-bottom: 20px !important;}\u00a0\u00bb][vc_column_text css=\u00a0\u00bb.vc_custom_1728990241506{margin-bottom: 20px !important;}\u00a0\u00bb] Mentions l\u00e9gales [\/vc_column_text][\/vc_column][\/vc_row][vc_row][vc_column][vc_column_text]Conditions g\u00e9n\u00e9rales d\u2019utilisation du site biotech-agora.com Bienvenue sur le site internet https:\/\/ www.biotech-agora.com (le \u00ab site internet \u00bb). En vous connectant ou en utilisant notre site internet, vous reconnaissez avoir lu, compris, et accept\u00e9, sans limitation ni r\u00e9serve, les pr\u00e9sentes conditions g\u00e9n\u00e9rales d\u2019utilisation et notre charte&#8230; <a class=\"view-article\" href=\"https:\/\/www.biotech-agora.com\/fr\/mentions-legales\/\">Voir l&rsquo;article<\/a>","protected":false},"author":12,"featured_media":0,"parent":0,"menu_order":0,"comment_status":"closed","ping_status":"closed","template":"","meta":{"inline_featured_image":false,"footnotes":""},"class_list":["post-3707","page","type-page","status-publish","hentry"],"yoast_head":"<!-- This site is optimized with the Yoast SEO plugin v24.2 - https:\/\/yoast.com\/wordpress\/plugins\/seo\/ -->\n<title>Mentions l\u00e9gales - Biotech AGORA<\/title>\n<meta name=\"robots\" content=\"index, follow, max-snippet:-1, max-image-preview:large, max-video-preview:-1\" \/>\n<link rel=\"canonical\" href=\"https:\/\/www.biotech-agora.com\/mentions-legales\/\" \/>\n<meta property=\"og:locale\" content=\"fr_FR\" \/>\n<meta property=\"og:type\" content=\"article\" \/>\n<meta property=\"og:title\" content=\"Mentions l\u00e9gales - Biotech AGORA\" \/>\n<meta property=\"og:description\" content=\"[vc_row][vc_column css=\u00a0\u00bb.vc_custom_1728990257379{margin-bottom: 20px !important;}\u00a0\u00bb][vc_column_text css=\u00a0\u00bb.vc_custom_1728990241506{margin-bottom: 20px !important;}\u00a0\u00bb] Mentions l\u00e9gales [\/vc_column_text][\/vc_column][\/vc_row][vc_row][vc_column][vc_column_text]Conditions g\u00e9n\u00e9rales d\u2019utilisation du site biotech-agora.com Bienvenue sur le site internet https:\/\/ www.biotech-agora.com (le \u00ab site internet \u00bb). En vous connectant ou en utilisant notre site internet, vous reconnaissez avoir lu, compris, et accept\u00e9, sans limitation ni r\u00e9serve, les pr\u00e9sentes conditions g\u00e9n\u00e9rales d\u2019utilisation et notre charte... Voir l&#039;article\" \/>\n<meta property=\"og:url\" content=\"https:\/\/www.biotech-agora.com\/mentions-legales\/\" \/>\n<meta property=\"og:site_name\" content=\"Biotech AGORA\" \/>\n<meta property=\"article:modified_time\" content=\"2024-10-15T12:43:53+00:00\" \/>\n<meta name=\"twitter:card\" content=\"summary_large_image\" \/>\n<meta name=\"twitter:label1\" content=\"Dur\u00e9e de lecture estim\u00e9e\" \/>\n\t<meta name=\"twitter:data1\" content=\"1 minute\" \/>\n<script type=\"application\/ld+json\" class=\"yoast-schema-graph\">{\"@context\":\"https:\/\/schema.org\",\"@graph\":[{\"@type\":\"WebPage\",\"@id\":\"https:\/\/www.biotech-agora.com\/mentions-legales\/\",\"url\":\"https:\/\/www.biotech-agora.com\/mentions-legales\/\",\"name\":\"Mentions l\u00e9gales - Biotech AGORA\",\"isPartOf\":{\"@id\":\"https:\/\/www.biotech-agora.com\/fr\/#website\"},\"datePublished\":\"2024-09-24T09:35:09+00:00\",\"dateModified\":\"2024-10-15T12:43:53+00:00\",\"breadcrumb\":{\"@id\":\"https:\/\/www.biotech-agora.com\/mentions-legales\/#breadcrumb\"},\"inLanguage\":\"fr-FR\",\"potentialAction\":[{\"@type\":\"ReadAction\",\"target\":[\"https:\/\/www.biotech-agora.com\/mentions-legales\/\"]}]},{\"@type\":\"BreadcrumbList\",\"@id\":\"https:\/\/www.biotech-agora.com\/mentions-legales\/#breadcrumb\",\"itemListElement\":[{\"@type\":\"ListItem\",\"position\":1,\"name\":\"Accueil\",\"item\":\"https:\/\/www.biotech-agora.com\/\"},{\"@type\":\"ListItem\",\"position\":2,\"name\":\"Mentions l\u00e9gales\"}]},{\"@type\":\"WebSite\",\"@id\":\"https:\/\/www.biotech-agora.com\/fr\/#website\",\"url\":\"https:\/\/www.biotech-agora.com\/fr\/\",\"name\":\"Biotech AGORA\",\"description\":\"Le Carrefour des Investisseurs\",\"publisher\":{\"@id\":\"https:\/\/www.biotech-agora.com\/fr\/#organization\"},\"potentialAction\":[{\"@type\":\"SearchAction\",\"target\":{\"@type\":\"EntryPoint\",\"urlTemplate\":\"https:\/\/www.biotech-agora.com\/fr\/?s={search_term_string}\"},\"query-input\":{\"@type\":\"PropertyValueSpecification\",\"valueRequired\":true,\"valueName\":\"search_term_string\"}}],\"inLanguage\":\"fr-FR\"},{\"@type\":\"Organization\",\"@id\":\"https:\/\/www.biotech-agora.com\/fr\/#organization\",\"name\":\"Biotech AGORA\",\"url\":\"https:\/\/www.biotech-agora.com\/fr\/\",\"logo\":{\"@type\":\"ImageObject\",\"inLanguage\":\"fr-FR\",\"@id\":\"https:\/\/www.biotech-agora.com\/fr\/#\/schema\/logo\/image\/\",\"url\":\"https:\/\/www.biotech-agora.com\/wp-content\/uploads\/2016\/06\/logo.png\",\"contentUrl\":\"https:\/\/www.biotech-agora.com\/wp-content\/uploads\/2016\/06\/logo.png\",\"width\":378,\"height\":324,\"caption\":\"Biotech AGORA\"},\"image\":{\"@id\":\"https:\/\/www.biotech-agora.com\/fr\/#\/schema\/logo\/image\/\"}}]}<\/script>\n<!-- \/ Yoast SEO plugin. -->","yoast_head_json":{"title":"Mentions l\u00e9gales - Biotech AGORA","robots":{"index":"index","follow":"follow","max-snippet":"max-snippet:-1","max-image-preview":"max-image-preview:large","max-video-preview":"max-video-preview:-1"},"canonical":"https:\/\/www.biotech-agora.com\/mentions-legales\/","og_locale":"fr_FR","og_type":"article","og_title":"Mentions l\u00e9gales - Biotech AGORA","og_description":"[vc_row][vc_column css=\u00a0\u00bb.vc_custom_1728990257379{margin-bottom: 20px !important;}\u00a0\u00bb][vc_column_text css=\u00a0\u00bb.vc_custom_1728990241506{margin-bottom: 20px !important;}\u00a0\u00bb] Mentions l\u00e9gales [\/vc_column_text][\/vc_column][\/vc_row][vc_row][vc_column][vc_column_text]Conditions g\u00e9n\u00e9rales d\u2019utilisation du site biotech-agora.com Bienvenue sur le site internet https:\/\/ www.biotech-agora.com (le \u00ab site internet \u00bb). En vous connectant ou en utilisant notre site internet, vous reconnaissez avoir lu, compris, et accept\u00e9, sans limitation ni r\u00e9serve, les pr\u00e9sentes conditions g\u00e9n\u00e9rales d\u2019utilisation et notre charte... Voir l'article","og_url":"https:\/\/www.biotech-agora.com\/mentions-legales\/","og_site_name":"Biotech AGORA","article_modified_time":"2024-10-15T12:43:53+00:00","twitter_card":"summary_large_image","twitter_misc":{"Dur\u00e9e de lecture estim\u00e9e":"1 minute"},"schema":{"@context":"https:\/\/schema.org","@graph":[{"@type":"WebPage","@id":"https:\/\/www.biotech-agora.com\/mentions-legales\/","url":"https:\/\/www.biotech-agora.com\/mentions-legales\/","name":"Mentions l\u00e9gales - Biotech AGORA","isPartOf":{"@id":"https:\/\/www.biotech-agora.com\/fr\/#website"},"datePublished":"2024-09-24T09:35:09+00:00","dateModified":"2024-10-15T12:43:53+00:00","breadcrumb":{"@id":"https:\/\/www.biotech-agora.com\/mentions-legales\/#breadcrumb"},"inLanguage":"fr-FR","potentialAction":[{"@type":"ReadAction","target":["https:\/\/www.biotech-agora.com\/mentions-legales\/"]}]},{"@type":"BreadcrumbList","@id":"https:\/\/www.biotech-agora.com\/mentions-legales\/#breadcrumb","itemListElement":[{"@type":"ListItem","position":1,"name":"Accueil","item":"https:\/\/www.biotech-agora.com\/"},{"@type":"ListItem","position":2,"name":"Mentions l\u00e9gales"}]},{"@type":"WebSite","@id":"https:\/\/www.biotech-agora.com\/fr\/#website","url":"https:\/\/www.biotech-agora.com\/fr\/","name":"Biotech AGORA","description":"Le Carrefour des Investisseurs","publisher":{"@id":"https:\/\/www.biotech-agora.com\/fr\/#organization"},"potentialAction":[{"@type":"SearchAction","target":{"@type":"EntryPoint","urlTemplate":"https:\/\/www.biotech-agora.com\/fr\/?s={search_term_string}"},"query-input":{"@type":"PropertyValueSpecification","valueRequired":true,"valueName":"search_term_string"}}],"inLanguage":"fr-FR"},{"@type":"Organization","@id":"https:\/\/www.biotech-agora.com\/fr\/#organization","name":"Biotech AGORA","url":"https:\/\/www.biotech-agora.com\/fr\/","logo":{"@type":"ImageObject","inLanguage":"fr-FR","@id":"https:\/\/www.biotech-agora.com\/fr\/#\/schema\/logo\/image\/","url":"https:\/\/www.biotech-agora.com\/wp-content\/uploads\/2016\/06\/logo.png","contentUrl":"https:\/\/www.biotech-agora.com\/wp-content\/uploads\/2016\/06\/logo.png","width":378,"height":324,"caption":"Biotech AGORA"},"image":{"@id":"https:\/\/www.biotech-agora.com\/fr\/#\/schema\/logo\/image\/"}}]}},"_links":{"self":[{"href":"https:\/\/www.biotech-agora.com\/fr\/wp-json\/wp\/v2\/pages\/3707","targetHints":{"allow":["GET"]}}],"collection":[{"href":"https:\/\/www.biotech-agora.com\/fr\/wp-json\/wp\/v2\/pages"}],"about":[{"href":"https:\/\/www.biotech-agora.com\/fr\/wp-json\/wp\/v2\/types\/page"}],"author":[{"embeddable":true,"href":"https:\/\/www.biotech-agora.com\/fr\/wp-json\/wp\/v2\/users\/12"}],"replies":[{"embeddable":true,"href":"https:\/\/www.biotech-agora.com\/fr\/wp-json\/wp\/v2\/comments?post=3707"}],"version-history":[{"count":12,"href":"https:\/\/www.biotech-agora.com\/fr\/wp-json\/wp\/v2\/pages\/3707\/revisions"}],"predecessor-version":[{"id":3791,"href":"https:\/\/www.biotech-agora.com\/fr\/wp-json\/wp\/v2\/pages\/3707\/revisions\/3791"}],"wp:attachment":[{"href":"https:\/\/www.biotech-agora.com\/fr\/wp-json\/wp\/v2\/media?parent=3707"}],"curies":[{"name":"wp","href":"https:\/\/api.w.org\/{rel}","templated":true}]}}