{"id":650,"date":"2016-07-18T16:32:01","date_gmt":"2016-07-18T14:32:01","guid":{"rendered":"https:\/\/www.biotech-agora.com\/?page_id=650"},"modified":"2016-10-10T19:49:37","modified_gmt":"2016-10-10T17:49:37","slug":"validation-compte-rendu","status":"publish","type":"page","link":"https:\/\/www.biotech-agora.com\/fr\/validation-compte-rendu\/","title":{"rendered":"Validation Compte rendu"},"content":{"rendered":"[vc_row css=\u00a0\u00bb.vc_custom_1468857423959{background-color: #019794 !important;border-radius: 5px !important;}\u00a0\u00bb][vc_column][vc_column_text]\n<h1 style=\"text-align: center;\"><span style=\"color: #ffffff;\">Acc\u00e8s aux documents Cerenis Therapeutics &#8211; juillet 2016<\/span><\/h1>\n[\/vc_column_text][\/vc_column][\/vc_row][vc_row][vc_column][vc_row_inner][vc_column_inner][vc_column_text]Afin d&rsquo;acc\u00e9der \u00e0\u00a0 la zone de t\u00e9l\u00e9chargement, merci d&rsquo;indiquer si vous \u00eates d\u00e9j\u00e0\u00a0 membre de notre communaut\u00e9 BIOTECH AGORA.[\/vc_column_text][\/vc_column_inner][\/vc_row_inner][vc_row_inner][vc_column_inner width=\u00a0\u00bb1\/2&Prime;][vc_btn title=\u00a0\u00bbJe suis d\u00e9j\u00e0 membre\u00a0\u00bb style=\u00a0\u00bbcustom\u00a0\u00bb custom_background=\u00a0\u00bb#019794&Prime; custom_text=\u00a0\u00bb#ffffff\u00a0\u00bb i_align=\u00a0\u00bbright\u00a0\u00bb i_icon_fontawesome=\u00a0\u00bbfa fa-unlock\u00a0\u00bb link=\u00a0\u00bburl:https%3A%2F%2Fwww.biotech-agora.com%2Fzone-de-telechargement-cerenis%2F|||\u00a0\u00bb add_icon=\u00a0\u00bbtrue\u00a0\u00bb][\/vc_column_inner][vc_column_inner width=\u00a0\u00bb1\/2&Prime;][vc_btn title=\u00a0\u00bbJe ne suis pas encore membre\u00a0\u00bb style=\u00a0\u00bbcustom\u00a0\u00bb custom_background=\u00a0\u00bb#019794&Prime; custom_text=\u00a0\u00bb#ffffff\u00a0\u00bb i_align=\u00a0\u00bbright\u00a0\u00bb i_icon_fontawesome=\u00a0\u00bbfa fa-lock\u00a0\u00bb link=\u00a0\u00bburl:https%3A%2F%2Fwww.biotech-agora.com%2Finscription-telechargement%2F|||\u00a0\u00bb add_icon=\u00a0\u00bbtrue\u00a0\u00bb][\/vc_column_inner][\/vc_row_inner][\/vc_column][vc_column][\/vc_column][\/vc_row]\n","protected":false},"excerpt":{"rendered":"[vc_row css=\u00a0\u00bb.vc_custom_1468857423959{background-color: #019794 !important;border-radius: 5px !important;}\u00a0\u00bb][vc_column][vc_column_text] Acc\u00e8s aux documents Cerenis Therapeutics &#8211; juillet 2016 [\/vc_column_text][\/vc_column][\/vc_row][vc_row][vc_column][vc_row_inner][vc_column_inner][vc_column_text]Afin d&rsquo;acc\u00e9der \u00e0\u00a0 la zone de t\u00e9l\u00e9chargement, merci d&rsquo;indiquer si vous \u00eates d\u00e9j\u00e0\u00a0 membre de notre communaut\u00e9 BIOTECH AGORA.[\/vc_column_text][\/vc_column_inner][\/vc_row_inner][vc_row_inner][vc_column_inner width=\u00a0\u00bb1\/2&Prime;][vc_btn title=\u00a0\u00bbJe suis d\u00e9j\u00e0 membre\u00a0\u00bb style=\u00a0\u00bbcustom\u00a0\u00bb custom_background=\u00a0\u00bb#019794&Prime; custom_text=\u00a0\u00bb#ffffff\u00a0\u00bb i_align=\u00a0\u00bbright\u00a0\u00bb i_icon_fontawesome=\u00a0\u00bbfa fa-unlock\u00a0\u00bb link=\u00a0\u00bburl:https%3A%2F%2Fwww.biotech-agora.com%2Fzone-de-telechargement-cerenis%2F|||\u00a0\u00bb add_icon=\u00a0\u00bbtrue\u00a0\u00bb][\/vc_column_inner][vc_column_inner width=\u00a0\u00bb1\/2&Prime;][vc_btn title=\u00a0\u00bbJe ne suis pas encore membre\u00a0\u00bb style=\u00a0\u00bbcustom\u00a0\u00bb custom_background=\u00a0\u00bb#019794&Prime;&#8230; <a class=\"view-article\" href=\"https:\/\/www.biotech-agora.com\/fr\/validation-compte-rendu\/\">Voir l&rsquo;article<\/a>","protected":false},"author":12,"featured_media":0,"parent":0,"menu_order":0,"comment_status":"closed","ping_status":"closed","template":"","meta":{"inline_featured_image":false,"footnotes":""},"class_list":["post-650","page","type-page","status-publish","hentry"],"yoast_head":"<!-- This site is optimized with the Yoast SEO plugin v24.2 - https:\/\/yoast.com\/wordpress\/plugins\/seo\/ -->\n<title>Validation Compte rendu - Biotech AGORA<\/title>\n<meta name=\"robots\" content=\"index, nofollow, max-snippet:-1, max-image-preview:large, max-video-preview:-1\" \/>\n<link rel=\"canonical\" href=\"https:\/\/www.biotech-agora.com\/fr\/validation-compte-rendu\/\" \/>\n<meta property=\"og:locale\" content=\"fr_FR\" \/>\n<meta property=\"og:type\" content=\"article\" \/>\n<meta property=\"og:title\" content=\"Validation Compte rendu - Biotech AGORA\" \/>\n<meta property=\"og:description\" content=\"[vc_row css=\u00a0\u00bb.vc_custom_1468857423959{background-color: #019794 !important;border-radius: 5px !important;}\u00a0\u00bb][vc_column][vc_column_text] Acc\u00e8s aux documents Cerenis Therapeutics &#8211; juillet 2016 [\/vc_column_text][\/vc_column][\/vc_row][vc_row][vc_column][vc_row_inner][vc_column_inner][vc_column_text]Afin d&rsquo;acc\u00e9der \u00e0\u00a0 la zone de t\u00e9l\u00e9chargement, merci d&rsquo;indiquer si vous \u00eates d\u00e9j\u00e0\u00a0 membre de notre communaut\u00e9 BIOTECH AGORA.[\/vc_column_text][\/vc_column_inner][\/vc_row_inner][vc_row_inner][vc_column_inner width=\u00a0\u00bb1\/2&Prime;][vc_btn title=\u00a0\u00bbJe suis d\u00e9j\u00e0 membre\u00a0\u00bb style=\u00a0\u00bbcustom\u00a0\u00bb custom_background=\u00a0\u00bb#019794&Prime; custom_text=\u00a0\u00bb#ffffff\u00a0\u00bb i_align=\u00a0\u00bbright\u00a0\u00bb i_icon_fontawesome=\u00a0\u00bbfa fa-unlock\u00a0\u00bb link=\u00a0\u00bburl:https%3A%2F%2Fwww.biotech-agora.com%2Fzone-de-telechargement-cerenis%2F|||\u00a0\u00bb add_icon=\u00a0\u00bbtrue\u00a0\u00bb][\/vc_column_inner][vc_column_inner width=\u00a0\u00bb1\/2&Prime;][vc_btn title=\u00a0\u00bbJe ne suis pas encore membre\u00a0\u00bb style=\u00a0\u00bbcustom\u00a0\u00bb custom_background=\u00a0\u00bb#019794&Prime;... Voir l&#039;article\" \/>\n<meta property=\"og:url\" content=\"https:\/\/www.biotech-agora.com\/fr\/validation-compte-rendu\/\" \/>\n<meta property=\"og:site_name\" content=\"Biotech AGORA\" \/>\n<meta property=\"article:modified_time\" content=\"2016-10-10T17:49:37+00:00\" \/>\n<meta name=\"twitter:card\" content=\"summary_large_image\" \/>\n<meta name=\"twitter:label1\" content=\"Dur\u00e9e de lecture estim\u00e9e\" \/>\n\t<meta name=\"twitter:data1\" content=\"1 minute\" \/>\n<script type=\"application\/ld+json\" class=\"yoast-schema-graph\">{\"@context\":\"https:\/\/schema.org\",\"@graph\":[{\"@type\":\"WebPage\",\"@id\":\"https:\/\/www.biotech-agora.com\/fr\/validation-compte-rendu\/\",\"url\":\"https:\/\/www.biotech-agora.com\/fr\/validation-compte-rendu\/\",\"name\":\"Validation Compte rendu - Biotech AGORA\",\"isPartOf\":{\"@id\":\"https:\/\/www.biotech-agora.com\/fr\/#website\"},\"datePublished\":\"2016-07-18T14:32:01+00:00\",\"dateModified\":\"2016-10-10T17:49:37+00:00\",\"breadcrumb\":{\"@id\":\"https:\/\/www.biotech-agora.com\/fr\/validation-compte-rendu\/#breadcrumb\"},\"inLanguage\":\"fr-FR\",\"potentialAction\":[{\"@type\":\"ReadAction\",\"target\":[\"https:\/\/www.biotech-agora.com\/fr\/validation-compte-rendu\/\"]}]},{\"@type\":\"BreadcrumbList\",\"@id\":\"https:\/\/www.biotech-agora.com\/fr\/validation-compte-rendu\/#breadcrumb\",\"itemListElement\":[{\"@type\":\"ListItem\",\"position\":1,\"name\":\"Accueil\",\"item\":\"https:\/\/www.biotech-agora.com\/\"},{\"@type\":\"ListItem\",\"position\":2,\"name\":\"Validation Compte rendu\"}]},{\"@type\":\"WebSite\",\"@id\":\"https:\/\/www.biotech-agora.com\/fr\/#website\",\"url\":\"https:\/\/www.biotech-agora.com\/fr\/\",\"name\":\"Biotech AGORA\",\"description\":\"Le Carrefour des Investisseurs\",\"publisher\":{\"@id\":\"https:\/\/www.biotech-agora.com\/fr\/#organization\"},\"potentialAction\":[{\"@type\":\"SearchAction\",\"target\":{\"@type\":\"EntryPoint\",\"urlTemplate\":\"https:\/\/www.biotech-agora.com\/fr\/?s={search_term_string}\"},\"query-input\":{\"@type\":\"PropertyValueSpecification\",\"valueRequired\":true,\"valueName\":\"search_term_string\"}}],\"inLanguage\":\"fr-FR\"},{\"@type\":\"Organization\",\"@id\":\"https:\/\/www.biotech-agora.com\/fr\/#organization\",\"name\":\"Biotech AGORA\",\"url\":\"https:\/\/www.biotech-agora.com\/fr\/\",\"logo\":{\"@type\":\"ImageObject\",\"inLanguage\":\"fr-FR\",\"@id\":\"https:\/\/www.biotech-agora.com\/fr\/#\/schema\/logo\/image\/\",\"url\":\"https:\/\/www.biotech-agora.com\/wp-content\/uploads\/2016\/06\/logo.png\",\"contentUrl\":\"https:\/\/www.biotech-agora.com\/wp-content\/uploads\/2016\/06\/logo.png\",\"width\":378,\"height\":324,\"caption\":\"Biotech AGORA\"},\"image\":{\"@id\":\"https:\/\/www.biotech-agora.com\/fr\/#\/schema\/logo\/image\/\"}}]}<\/script>\n<!-- \/ Yoast SEO plugin. -->","yoast_head_json":{"title":"Validation Compte rendu - Biotech AGORA","robots":{"index":"index","follow":"nofollow","max-snippet":"max-snippet:-1","max-image-preview":"max-image-preview:large","max-video-preview":"max-video-preview:-1"},"canonical":"https:\/\/www.biotech-agora.com\/fr\/validation-compte-rendu\/","og_locale":"fr_FR","og_type":"article","og_title":"Validation Compte rendu - Biotech AGORA","og_description":"[vc_row css=\u00a0\u00bb.vc_custom_1468857423959{background-color: #019794 !important;border-radius: 5px !important;}\u00a0\u00bb][vc_column][vc_column_text] Acc\u00e8s aux documents Cerenis Therapeutics &#8211; juillet 2016 [\/vc_column_text][\/vc_column][\/vc_row][vc_row][vc_column][vc_row_inner][vc_column_inner][vc_column_text]Afin d&rsquo;acc\u00e9der \u00e0\u00a0 la zone de t\u00e9l\u00e9chargement, merci d&rsquo;indiquer si vous \u00eates d\u00e9j\u00e0\u00a0 membre de notre communaut\u00e9 BIOTECH AGORA.[\/vc_column_text][\/vc_column_inner][\/vc_row_inner][vc_row_inner][vc_column_inner width=\u00a0\u00bb1\/2&Prime;][vc_btn title=\u00a0\u00bbJe suis d\u00e9j\u00e0 membre\u00a0\u00bb style=\u00a0\u00bbcustom\u00a0\u00bb custom_background=\u00a0\u00bb#019794&Prime; custom_text=\u00a0\u00bb#ffffff\u00a0\u00bb i_align=\u00a0\u00bbright\u00a0\u00bb i_icon_fontawesome=\u00a0\u00bbfa fa-unlock\u00a0\u00bb link=\u00a0\u00bburl:https%3A%2F%2Fwww.biotech-agora.com%2Fzone-de-telechargement-cerenis%2F|||\u00a0\u00bb add_icon=\u00a0\u00bbtrue\u00a0\u00bb][\/vc_column_inner][vc_column_inner width=\u00a0\u00bb1\/2&Prime;][vc_btn title=\u00a0\u00bbJe ne suis pas encore membre\u00a0\u00bb style=\u00a0\u00bbcustom\u00a0\u00bb custom_background=\u00a0\u00bb#019794&Prime;... Voir l'article","og_url":"https:\/\/www.biotech-agora.com\/fr\/validation-compte-rendu\/","og_site_name":"Biotech AGORA","article_modified_time":"2016-10-10T17:49:37+00:00","twitter_card":"summary_large_image","twitter_misc":{"Dur\u00e9e de lecture estim\u00e9e":"1 minute"},"schema":{"@context":"https:\/\/schema.org","@graph":[{"@type":"WebPage","@id":"https:\/\/www.biotech-agora.com\/fr\/validation-compte-rendu\/","url":"https:\/\/www.biotech-agora.com\/fr\/validation-compte-rendu\/","name":"Validation Compte rendu - Biotech AGORA","isPartOf":{"@id":"https:\/\/www.biotech-agora.com\/fr\/#website"},"datePublished":"2016-07-18T14:32:01+00:00","dateModified":"2016-10-10T17:49:37+00:00","breadcrumb":{"@id":"https:\/\/www.biotech-agora.com\/fr\/validation-compte-rendu\/#breadcrumb"},"inLanguage":"fr-FR","potentialAction":[{"@type":"ReadAction","target":["https:\/\/www.biotech-agora.com\/fr\/validation-compte-rendu\/"]}]},{"@type":"BreadcrumbList","@id":"https:\/\/www.biotech-agora.com\/fr\/validation-compte-rendu\/#breadcrumb","itemListElement":[{"@type":"ListItem","position":1,"name":"Accueil","item":"https:\/\/www.biotech-agora.com\/"},{"@type":"ListItem","position":2,"name":"Validation Compte rendu"}]},{"@type":"WebSite","@id":"https:\/\/www.biotech-agora.com\/fr\/#website","url":"https:\/\/www.biotech-agora.com\/fr\/","name":"Biotech AGORA","description":"Le Carrefour des Investisseurs","publisher":{"@id":"https:\/\/www.biotech-agora.com\/fr\/#organization"},"potentialAction":[{"@type":"SearchAction","target":{"@type":"EntryPoint","urlTemplate":"https:\/\/www.biotech-agora.com\/fr\/?s={search_term_string}"},"query-input":{"@type":"PropertyValueSpecification","valueRequired":true,"valueName":"search_term_string"}}],"inLanguage":"fr-FR"},{"@type":"Organization","@id":"https:\/\/www.biotech-agora.com\/fr\/#organization","name":"Biotech AGORA","url":"https:\/\/www.biotech-agora.com\/fr\/","logo":{"@type":"ImageObject","inLanguage":"fr-FR","@id":"https:\/\/www.biotech-agora.com\/fr\/#\/schema\/logo\/image\/","url":"https:\/\/www.biotech-agora.com\/wp-content\/uploads\/2016\/06\/logo.png","contentUrl":"https:\/\/www.biotech-agora.com\/wp-content\/uploads\/2016\/06\/logo.png","width":378,"height":324,"caption":"Biotech AGORA"},"image":{"@id":"https:\/\/www.biotech-agora.com\/fr\/#\/schema\/logo\/image\/"}}]}},"_links":{"self":[{"href":"https:\/\/www.biotech-agora.com\/fr\/wp-json\/wp\/v2\/pages\/650","targetHints":{"allow":["GET"]}}],"collection":[{"href":"https:\/\/www.biotech-agora.com\/fr\/wp-json\/wp\/v2\/pages"}],"about":[{"href":"https:\/\/www.biotech-agora.com\/fr\/wp-json\/wp\/v2\/types\/page"}],"author":[{"embeddable":true,"href":"https:\/\/www.biotech-agora.com\/fr\/wp-json\/wp\/v2\/users\/12"}],"replies":[{"embeddable":true,"href":"https:\/\/www.biotech-agora.com\/fr\/wp-json\/wp\/v2\/comments?post=650"}],"version-history":[{"count":0,"href":"https:\/\/www.biotech-agora.com\/fr\/wp-json\/wp\/v2\/pages\/650\/revisions"}],"wp:attachment":[{"href":"https:\/\/www.biotech-agora.com\/fr\/wp-json\/wp\/v2\/media?parent=650"}],"curies":[{"name":"wp","href":"https:\/\/api.w.org\/{rel}","templated":true}]}}