{"id":826,"date":"2016-10-09T19:10:10","date_gmt":"2016-10-09T17:10:10","guid":{"rendered":"https:\/\/www.biotech-agora.com\/?page_id=826"},"modified":"2024-10-02T10:49:26","modified_gmt":"2024-10-02T08:49:26","slug":"home","status":"publish","type":"page","link":"https:\/\/www.biotech-agora.com\/fr\/","title":{"rendered":"home"},"content":{"rendered":"","protected":false},"excerpt":{"rendered":"","protected":false},"author":12,"featured_media":0,"parent":0,"menu_order":0,"comment_status":"closed","ping_status":"closed","template":"template-index.php","meta":{"inline_featured_image":false,"footnotes":""},"class_list":["post-826","page","type-page","status-publish","hentry"],"yoast_head":"<!-- This site is optimized with the Yoast SEO plugin v24.2 - https:\/\/yoast.com\/wordpress\/plugins\/seo\/ -->\n<title>Biotech AGORA - Le Carrefour des Sciences de la Vie<\/title>\n<meta name=\"description\" content=\"Biotech Agora a pour vocation de faire d\u00e9couvrir aux investisseurs des soci\u00e9t\u00e9s dans le domaine des Sciences de la Vie offrant des innovations de rupture.\" \/>\n<meta name=\"robots\" content=\"index, follow, max-snippet:-1, max-image-preview:large, max-video-preview:-1\" \/>\n<link rel=\"canonical\" href=\"https:\/\/www.biotech-agora.com\/\" \/>\n<meta property=\"og:locale\" content=\"fr_FR\" \/>\n<meta property=\"og:type\" content=\"article\" \/>\n<meta property=\"og:title\" content=\"[:fr]Biotech AGORA - Le Carrefour des Sciences de la Vie[:en]Biotech AGORABiotech AGORABiotech AgoraBiotech Agora[:]\" \/>\n<meta property=\"og:description\" content=\"Biotech Agora a pour vocation de faire d\u00e9couvrir aux investisseurs des soci\u00e9t\u00e9s dans le domaine des Sciences de la Vie offrant des innovations de rupture.\" \/>\n<meta property=\"og:url\" content=\"https:\/\/www.biotech-agora.com\/\" \/>\n<meta property=\"og:site_name\" content=\"Biotech AGORA\" \/>\n<meta property=\"article:modified_time\" content=\"2024-10-02T08:49:26+00:00\" \/>\n<meta name=\"twitter:card\" content=\"summary_large_image\" \/>\n<script type=\"application\/ld+json\" class=\"yoast-schema-graph\">{\"@context\":\"https:\/\/schema.org\",\"@graph\":[{\"@type\":\"WebPage\",\"@id\":\"https:\/\/www.biotech-agora.com\/\",\"url\":\"https:\/\/www.biotech-agora.com\/\",\"name\":\"[:fr]Biotech AGORA - Le Carrefour des Sciences de la Vie[:en]Biotech AGORABiotech AGORABiotech AgoraBiotech Agora[:]\",\"isPartOf\":{\"@id\":\"https:\/\/www.biotech-agora.com\/fr\/#website\"},\"datePublished\":\"2016-10-09T17:10:10+00:00\",\"dateModified\":\"2024-10-02T08:49:26+00:00\",\"description\":\"Biotech Agora a pour vocation de faire d\u00e9couvrir aux investisseurs des soci\u00e9t\u00e9s dans le domaine des Sciences de la Vie offrant des innovations de rupture.\",\"breadcrumb\":{\"@id\":\"https:\/\/www.biotech-agora.com\/#breadcrumb\"},\"inLanguage\":\"fr-FR\",\"potentialAction\":[{\"@type\":\"ReadAction\",\"target\":[\"https:\/\/www.biotech-agora.com\/\"]}]},{\"@type\":\"BreadcrumbList\",\"@id\":\"https:\/\/www.biotech-agora.com\/#breadcrumb\",\"itemListElement\":[{\"@type\":\"ListItem\",\"position\":1,\"name\":\"Accueil\",\"item\":\"https:\/\/www.biotech-agora.com\/\"},{\"@type\":\"ListItem\",\"position\":2,\"name\":\"home\"}]},{\"@type\":\"WebSite\",\"@id\":\"https:\/\/www.biotech-agora.com\/fr\/#website\",\"url\":\"https:\/\/www.biotech-agora.com\/fr\/\",\"name\":\"Biotech AGORA\",\"description\":\"Le Carrefour des Investisseurs\",\"publisher\":{\"@id\":\"https:\/\/www.biotech-agora.com\/fr\/#organization\"},\"potentialAction\":[{\"@type\":\"SearchAction\",\"target\":{\"@type\":\"EntryPoint\",\"urlTemplate\":\"https:\/\/www.biotech-agora.com\/fr\/?s={search_term_string}\"},\"query-input\":{\"@type\":\"PropertyValueSpecification\",\"valueRequired\":true,\"valueName\":\"search_term_string\"}}],\"inLanguage\":\"fr-FR\"},{\"@type\":\"Organization\",\"@id\":\"https:\/\/www.biotech-agora.com\/fr\/#organization\",\"name\":\"Biotech AGORA\",\"url\":\"https:\/\/www.biotech-agora.com\/fr\/\",\"logo\":{\"@type\":\"ImageObject\",\"inLanguage\":\"fr-FR\",\"@id\":\"https:\/\/www.biotech-agora.com\/fr\/#\/schema\/logo\/image\/\",\"url\":\"https:\/\/www.biotech-agora.com\/wp-content\/uploads\/2016\/06\/logo.png\",\"contentUrl\":\"https:\/\/www.biotech-agora.com\/wp-content\/uploads\/2016\/06\/logo.png\",\"width\":378,\"height\":324,\"caption\":\"Biotech AGORA\"},\"image\":{\"@id\":\"https:\/\/www.biotech-agora.com\/fr\/#\/schema\/logo\/image\/\"}}]}<\/script>\n<!-- \/ Yoast SEO plugin. -->","yoast_head_json":{"title":"Biotech AGORA - Le Carrefour des Sciences de la Vie","description":"Biotech Agora a pour vocation de faire d\u00e9couvrir aux investisseurs des soci\u00e9t\u00e9s dans le domaine des Sciences de la Vie offrant des innovations de rupture.","robots":{"index":"index","follow":"follow","max-snippet":"max-snippet:-1","max-image-preview":"max-image-preview:large","max-video-preview":"max-video-preview:-1"},"canonical":"https:\/\/www.biotech-agora.com\/","og_locale":"fr_FR","og_type":"article","og_title":"[:fr]Biotech AGORA - Le Carrefour des Sciences de la Vie[:en]Biotech AGORABiotech AGORABiotech AgoraBiotech Agora[:]","og_description":"Biotech Agora a pour vocation de faire d\u00e9couvrir aux investisseurs des soci\u00e9t\u00e9s dans le domaine des Sciences de la Vie offrant des innovations de rupture.","og_url":"https:\/\/www.biotech-agora.com\/","og_site_name":"Biotech AGORA","article_modified_time":"2024-10-02T08:49:26+00:00","twitter_card":"summary_large_image","schema":{"@context":"https:\/\/schema.org","@graph":[{"@type":"WebPage","@id":"https:\/\/www.biotech-agora.com\/","url":"https:\/\/www.biotech-agora.com\/","name":"[:fr]Biotech AGORA - Le Carrefour des Sciences de la Vie[:en]Biotech AGORABiotech AGORABiotech AgoraBiotech Agora[:]","isPartOf":{"@id":"https:\/\/www.biotech-agora.com\/fr\/#website"},"datePublished":"2016-10-09T17:10:10+00:00","dateModified":"2024-10-02T08:49:26+00:00","description":"Biotech Agora a pour vocation de faire d\u00e9couvrir aux investisseurs des soci\u00e9t\u00e9s dans le domaine des Sciences de la Vie offrant des innovations de rupture.","breadcrumb":{"@id":"https:\/\/www.biotech-agora.com\/#breadcrumb"},"inLanguage":"fr-FR","potentialAction":[{"@type":"ReadAction","target":["https:\/\/www.biotech-agora.com\/"]}]},{"@type":"BreadcrumbList","@id":"https:\/\/www.biotech-agora.com\/#breadcrumb","itemListElement":[{"@type":"ListItem","position":1,"name":"Accueil","item":"https:\/\/www.biotech-agora.com\/"},{"@type":"ListItem","position":2,"name":"home"}]},{"@type":"WebSite","@id":"https:\/\/www.biotech-agora.com\/fr\/#website","url":"https:\/\/www.biotech-agora.com\/fr\/","name":"Biotech AGORA","description":"Le Carrefour des Investisseurs","publisher":{"@id":"https:\/\/www.biotech-agora.com\/fr\/#organization"},"potentialAction":[{"@type":"SearchAction","target":{"@type":"EntryPoint","urlTemplate":"https:\/\/www.biotech-agora.com\/fr\/?s={search_term_string}"},"query-input":{"@type":"PropertyValueSpecification","valueRequired":true,"valueName":"search_term_string"}}],"inLanguage":"fr-FR"},{"@type":"Organization","@id":"https:\/\/www.biotech-agora.com\/fr\/#organization","name":"Biotech AGORA","url":"https:\/\/www.biotech-agora.com\/fr\/","logo":{"@type":"ImageObject","inLanguage":"fr-FR","@id":"https:\/\/www.biotech-agora.com\/fr\/#\/schema\/logo\/image\/","url":"https:\/\/www.biotech-agora.com\/wp-content\/uploads\/2016\/06\/logo.png","contentUrl":"https:\/\/www.biotech-agora.com\/wp-content\/uploads\/2016\/06\/logo.png","width":378,"height":324,"caption":"Biotech AGORA"},"image":{"@id":"https:\/\/www.biotech-agora.com\/fr\/#\/schema\/logo\/image\/"}}]}},"_links":{"self":[{"href":"https:\/\/www.biotech-agora.com\/fr\/wp-json\/wp\/v2\/pages\/826","targetHints":{"allow":["GET"]}}],"collection":[{"href":"https:\/\/www.biotech-agora.com\/fr\/wp-json\/wp\/v2\/pages"}],"about":[{"href":"https:\/\/www.biotech-agora.com\/fr\/wp-json\/wp\/v2\/types\/page"}],"author":[{"embeddable":true,"href":"https:\/\/www.biotech-agora.com\/fr\/wp-json\/wp\/v2\/users\/12"}],"replies":[{"embeddable":true,"href":"https:\/\/www.biotech-agora.com\/fr\/wp-json\/wp\/v2\/comments?post=826"}],"version-history":[{"count":5,"href":"https:\/\/www.biotech-agora.com\/fr\/wp-json\/wp\/v2\/pages\/826\/revisions"}],"predecessor-version":[{"id":3761,"href":"https:\/\/www.biotech-agora.com\/fr\/wp-json\/wp\/v2\/pages\/826\/revisions\/3761"}],"wp:attachment":[{"href":"https:\/\/www.biotech-agora.com\/fr\/wp-json\/wp\/v2\/media?parent=826"}],"curies":[{"name":"wp","href":"https:\/\/api.w.org\/{rel}","templated":true}]}}