{"id":882,"date":"2016-10-10T17:07:04","date_gmt":"2016-10-10T15:07:04","guid":{"rendered":"https:\/\/www.biotech-agora.com\/?page_id=882"},"modified":"2024-03-06T16:17:19","modified_gmt":"2024-03-06T15:17:19","slug":"partenaires","status":"publish","type":"page","link":"https:\/\/www.biotech-agora.com\/fr\/partenaires\/","title":{"rendered":"Partenaires"},"content":{"rendered":"<h1 style=\"text-align: center;\">Nos partenaires<\/h1>\n<div class=\"partenaires\">\n<div class=\"partenaires-bloc\">\n<div class=\"partenaires-logo\">\n\t\t\t<a href=\"https:\/\/www.seitosei-actifin.com\/\" target=\"_blank\" rel=\"noopener\"><br \/>\n\t\t\t\t<img decoding=\"async\" width=\"100%\" src=\"https:\/\/www.biotech-agora.com\/wp-content\/uploads\/2024\/03\/logo_seitosei_actifin.png\" alt=\"\"><br \/>\n\t\t\t<\/a>\n\t\t<\/div>\n<div class=\"parteners_infos\">\n<h3>SEITOSEI\u2022ACTIFIN<\/h3>\n<p>Acteur de r\u00e9f\u00e9rence de la communication financi\u00e8re, actionnariale et corporate<\/p>\n<p><strong>Raison d\u2019\u00eatre : <\/strong>D\u00e9velopper et prot\u00e9ger la valorisation financi\u00e8re, extra financi\u00e8re et r\u00e9putationnelle de nos clients aupr\u00e8s des investisseurs, des prescripteurs, des influenceurs et des salari\u00e9s.<\/p>\n<p><a href=\"https:\/\/www.seitosei-actifin.com\/\" target=\"_blank\" rel=\"noopener\">https:\/\/www.seitosei-actifin.com\/<\/a><\/p>\n<\/p><\/div><\/div>\n<div class=\"partenaires-bloc\">\n<div class=\"partenaires-logo\">\n\t\t\t<a href=\"https:\/\/biotechinfo.fr\/\" target=\"_blank\" rel=\"noopener\"><br \/>\n\t\t\t\t<img decoding=\"async\" width=\"100%\" src=\"https:\/\/www.biotech-agora.com\/wp-content\/uploads\/2016\/10\/logo_Biotech_3-0-bann-1-700x195.jpg\" alt=\"\"><br \/>\n\t\t\t<\/a>\n\t\t<\/div>\n<div class=\"parteners_infos\">\n<h3>Biotech Info 3.0<\/h3>\n<p>Biotech. Info 3.0 est une lettre d\u2019information et d\u2019investigation qui a pour vocation de suivre l\u2019\u00e9volution scientifique et technologique des biotechnologies, un secteur en plein essor. <br \/>Biotech Info 3.0 couvre tout le spectre des biotechnologies dites \u00ab arc-en-ciel \u00bb :<\/p>\n<ul>\n<li>Biotechs rouges : sant\u00e9 (th\u00e9rapeutique, diagnostic, etc\u2026)<\/li>\n<li>Biotechs bleues : ressources marines (micro-algues, macro-algues, aquaculture\u2026)<\/li>\n<li>Biotechs vertes : agro-ressources et agro-environnement \/ origine v\u00e9g\u00e9tale<\/li>\n<li>Biotechs jaunes : d\u00e9pollution, environnement<\/li>\n<li>Biotechs indigo : medtechs (technologies m\u00e9dicales), imagerie, dispositifs m\u00e9dicaux, e-sant\u00e9\u2026<\/li>\n<li>Biotechs blanches : bioproc\u00e9d\u00e9s industriels, biologie de synth\u00e8se, chimie verte, cosm\u00e9tique\u2026<\/li>\n<li>Biotechs violettes : bios\u00e9curit\u00e9.<\/li>\n<\/ul>\n<p><a href=\"http:\/\/www.biotechinfo.fr\/\" target=\"_blank\" rel=\"noopener\">http:\/\/www.biotechinfo.fr\/<\/a><\/p>\n<\/p><\/div><\/div>\n<\/div>\n<p>","protected":false},"excerpt":{"rendered":"Nos partenaires SEITOSEI\u2022ACTIFIN Acteur de r\u00e9f\u00e9rence de la communication financi\u00e8re, actionnariale et corporate Raison d\u2019\u00eatre : D\u00e9velopper et prot\u00e9ger la valorisation financi\u00e8re, extra financi\u00e8re et r\u00e9putationnelle de nos clients aupr\u00e8s des investisseurs, des prescripteurs, des influenceurs et des salari\u00e9s. https:\/\/www.seitosei-actifin.com\/ Biotech Info 3.0 Biotech. Info 3.0 est une lettre d\u2019information et d\u2019investigation qui a pour&#8230; <a class=\"view-article\" href=\"https:\/\/www.biotech-agora.com\/fr\/partenaires\/\">Voir l&rsquo;article<\/a>","protected":false},"author":12,"featured_media":0,"parent":0,"menu_order":0,"comment_status":"closed","ping_status":"closed","template":"","meta":{"inline_featured_image":false,"footnotes":""},"class_list":["post-882","page","type-page","status-publish","hentry"],"yoast_head":"<!-- This site is optimized with the Yoast SEO plugin v24.2 - https:\/\/yoast.com\/wordpress\/plugins\/seo\/ -->\n<title>Partenaires - Biotech AGORA<\/title>\n<meta name=\"robots\" content=\"noindex, nofollow\" \/>\n<meta property=\"og:locale\" content=\"fr_FR\" \/>\n<meta property=\"og:type\" content=\"article\" \/>\n<meta property=\"og:title\" content=\"Partenaires - Biotech AGORA\" \/>\n<meta property=\"og:description\" content=\"Nos partenaires SEITOSEI\u2022ACTIFIN Acteur de r\u00e9f\u00e9rence de la communication financi\u00e8re, actionnariale et corporate Raison d\u2019\u00eatre : D\u00e9velopper et prot\u00e9ger la valorisation financi\u00e8re, extra financi\u00e8re et r\u00e9putationnelle de nos clients aupr\u00e8s des investisseurs, des prescripteurs, des influenceurs et des salari\u00e9s. https:\/\/www.seitosei-actifin.com\/ Biotech Info 3.0 Biotech. Info 3.0 est une lettre d\u2019information et d\u2019investigation qui a pour... Voir l&#039;article\" \/>\n<meta property=\"og:url\" content=\"https:\/\/www.biotech-agora.com\/partenaires\/\" \/>\n<meta property=\"og:site_name\" content=\"Biotech AGORA\" \/>\n<meta property=\"article:modified_time\" content=\"2024-03-06T15:17:19+00:00\" \/>\n<meta property=\"og:image\" content=\"https:\/\/www.biotech-agora.com\/wp-content\/uploads\/2024\/03\/logo_seitosei_actifin.png\" \/>\n<meta name=\"twitter:card\" content=\"summary_large_image\" \/>\n<meta name=\"twitter:label1\" content=\"Dur\u00e9e de lecture estim\u00e9e\" \/>\n\t<meta name=\"twitter:data1\" content=\"2 minutes\" \/>\n<script type=\"application\/ld+json\" class=\"yoast-schema-graph\">{\"@context\":\"https:\/\/schema.org\",\"@graph\":[{\"@type\":\"WebPage\",\"@id\":\"https:\/\/www.biotech-agora.com\/partenaires\/\",\"url\":\"https:\/\/www.biotech-agora.com\/partenaires\/\",\"name\":\"Partenaires - Biotech AGORA\",\"isPartOf\":{\"@id\":\"https:\/\/www.biotech-agora.com\/fr\/#website\"},\"primaryImageOfPage\":{\"@id\":\"https:\/\/www.biotech-agora.com\/partenaires\/#primaryimage\"},\"image\":{\"@id\":\"https:\/\/www.biotech-agora.com\/partenaires\/#primaryimage\"},\"thumbnailUrl\":\"https:\/\/www.biotech-agora.com\/wp-content\/uploads\/2024\/03\/logo_seitosei_actifin.png\",\"datePublished\":\"2016-10-10T15:07:04+00:00\",\"dateModified\":\"2024-03-06T15:17:19+00:00\",\"breadcrumb\":{\"@id\":\"https:\/\/www.biotech-agora.com\/partenaires\/#breadcrumb\"},\"inLanguage\":\"fr-FR\",\"potentialAction\":[{\"@type\":\"ReadAction\",\"target\":[\"https:\/\/www.biotech-agora.com\/partenaires\/\"]}]},{\"@type\":\"ImageObject\",\"inLanguage\":\"fr-FR\",\"@id\":\"https:\/\/www.biotech-agora.com\/partenaires\/#primaryimage\",\"url\":\"https:\/\/www.biotech-agora.com\/wp-content\/uploads\/2024\/03\/logo_seitosei_actifin.png\",\"contentUrl\":\"https:\/\/www.biotech-agora.com\/wp-content\/uploads\/2024\/03\/logo_seitosei_actifin.png\"},{\"@type\":\"BreadcrumbList\",\"@id\":\"https:\/\/www.biotech-agora.com\/partenaires\/#breadcrumb\",\"itemListElement\":[{\"@type\":\"ListItem\",\"position\":1,\"name\":\"Accueil\",\"item\":\"https:\/\/www.biotech-agora.com\/\"},{\"@type\":\"ListItem\",\"position\":2,\"name\":\"Partenaires\"}]},{\"@type\":\"WebSite\",\"@id\":\"https:\/\/www.biotech-agora.com\/fr\/#website\",\"url\":\"https:\/\/www.biotech-agora.com\/fr\/\",\"name\":\"Biotech AGORA\",\"description\":\"Le Carrefour des Investisseurs\",\"publisher\":{\"@id\":\"https:\/\/www.biotech-agora.com\/fr\/#organization\"},\"potentialAction\":[{\"@type\":\"SearchAction\",\"target\":{\"@type\":\"EntryPoint\",\"urlTemplate\":\"https:\/\/www.biotech-agora.com\/fr\/?s={search_term_string}\"},\"query-input\":{\"@type\":\"PropertyValueSpecification\",\"valueRequired\":true,\"valueName\":\"search_term_string\"}}],\"inLanguage\":\"fr-FR\"},{\"@type\":\"Organization\",\"@id\":\"https:\/\/www.biotech-agora.com\/fr\/#organization\",\"name\":\"Biotech AGORA\",\"url\":\"https:\/\/www.biotech-agora.com\/fr\/\",\"logo\":{\"@type\":\"ImageObject\",\"inLanguage\":\"fr-FR\",\"@id\":\"https:\/\/www.biotech-agora.com\/fr\/#\/schema\/logo\/image\/\",\"url\":\"https:\/\/www.biotech-agora.com\/wp-content\/uploads\/2016\/06\/logo.png\",\"contentUrl\":\"https:\/\/www.biotech-agora.com\/wp-content\/uploads\/2016\/06\/logo.png\",\"width\":378,\"height\":324,\"caption\":\"Biotech AGORA\"},\"image\":{\"@id\":\"https:\/\/www.biotech-agora.com\/fr\/#\/schema\/logo\/image\/\"}}]}<\/script>\n<!-- \/ Yoast SEO plugin. -->","yoast_head_json":{"title":"Partenaires - Biotech AGORA","robots":{"index":"noindex","follow":"nofollow"},"og_locale":"fr_FR","og_type":"article","og_title":"Partenaires - Biotech AGORA","og_description":"Nos partenaires SEITOSEI\u2022ACTIFIN Acteur de r\u00e9f\u00e9rence de la communication financi\u00e8re, actionnariale et corporate Raison d\u2019\u00eatre : D\u00e9velopper et prot\u00e9ger la valorisation financi\u00e8re, extra financi\u00e8re et r\u00e9putationnelle de nos clients aupr\u00e8s des investisseurs, des prescripteurs, des influenceurs et des salari\u00e9s. https:\/\/www.seitosei-actifin.com\/ Biotech Info 3.0 Biotech. Info 3.0 est une lettre d\u2019information et d\u2019investigation qui a pour... Voir l'article","og_url":"https:\/\/www.biotech-agora.com\/partenaires\/","og_site_name":"Biotech AGORA","article_modified_time":"2024-03-06T15:17:19+00:00","og_image":[{"url":"https:\/\/www.biotech-agora.com\/wp-content\/uploads\/2024\/03\/logo_seitosei_actifin.png","type":"","width":"","height":""}],"twitter_card":"summary_large_image","twitter_misc":{"Dur\u00e9e de lecture estim\u00e9e":"2 minutes"},"schema":{"@context":"https:\/\/schema.org","@graph":[{"@type":"WebPage","@id":"https:\/\/www.biotech-agora.com\/partenaires\/","url":"https:\/\/www.biotech-agora.com\/partenaires\/","name":"Partenaires - Biotech AGORA","isPartOf":{"@id":"https:\/\/www.biotech-agora.com\/fr\/#website"},"primaryImageOfPage":{"@id":"https:\/\/www.biotech-agora.com\/partenaires\/#primaryimage"},"image":{"@id":"https:\/\/www.biotech-agora.com\/partenaires\/#primaryimage"},"thumbnailUrl":"https:\/\/www.biotech-agora.com\/wp-content\/uploads\/2024\/03\/logo_seitosei_actifin.png","datePublished":"2016-10-10T15:07:04+00:00","dateModified":"2024-03-06T15:17:19+00:00","breadcrumb":{"@id":"https:\/\/www.biotech-agora.com\/partenaires\/#breadcrumb"},"inLanguage":"fr-FR","potentialAction":[{"@type":"ReadAction","target":["https:\/\/www.biotech-agora.com\/partenaires\/"]}]},{"@type":"ImageObject","inLanguage":"fr-FR","@id":"https:\/\/www.biotech-agora.com\/partenaires\/#primaryimage","url":"https:\/\/www.biotech-agora.com\/wp-content\/uploads\/2024\/03\/logo_seitosei_actifin.png","contentUrl":"https:\/\/www.biotech-agora.com\/wp-content\/uploads\/2024\/03\/logo_seitosei_actifin.png"},{"@type":"BreadcrumbList","@id":"https:\/\/www.biotech-agora.com\/partenaires\/#breadcrumb","itemListElement":[{"@type":"ListItem","position":1,"name":"Accueil","item":"https:\/\/www.biotech-agora.com\/"},{"@type":"ListItem","position":2,"name":"Partenaires"}]},{"@type":"WebSite","@id":"https:\/\/www.biotech-agora.com\/fr\/#website","url":"https:\/\/www.biotech-agora.com\/fr\/","name":"Biotech AGORA","description":"Le Carrefour des Investisseurs","publisher":{"@id":"https:\/\/www.biotech-agora.com\/fr\/#organization"},"potentialAction":[{"@type":"SearchAction","target":{"@type":"EntryPoint","urlTemplate":"https:\/\/www.biotech-agora.com\/fr\/?s={search_term_string}"},"query-input":{"@type":"PropertyValueSpecification","valueRequired":true,"valueName":"search_term_string"}}],"inLanguage":"fr-FR"},{"@type":"Organization","@id":"https:\/\/www.biotech-agora.com\/fr\/#organization","name":"Biotech AGORA","url":"https:\/\/www.biotech-agora.com\/fr\/","logo":{"@type":"ImageObject","inLanguage":"fr-FR","@id":"https:\/\/www.biotech-agora.com\/fr\/#\/schema\/logo\/image\/","url":"https:\/\/www.biotech-agora.com\/wp-content\/uploads\/2016\/06\/logo.png","contentUrl":"https:\/\/www.biotech-agora.com\/wp-content\/uploads\/2016\/06\/logo.png","width":378,"height":324,"caption":"Biotech AGORA"},"image":{"@id":"https:\/\/www.biotech-agora.com\/fr\/#\/schema\/logo\/image\/"}}]}},"_links":{"self":[{"href":"https:\/\/www.biotech-agora.com\/fr\/wp-json\/wp\/v2\/pages\/882","targetHints":{"allow":["GET"]}}],"collection":[{"href":"https:\/\/www.biotech-agora.com\/fr\/wp-json\/wp\/v2\/pages"}],"about":[{"href":"https:\/\/www.biotech-agora.com\/fr\/wp-json\/wp\/v2\/types\/page"}],"author":[{"embeddable":true,"href":"https:\/\/www.biotech-agora.com\/fr\/wp-json\/wp\/v2\/users\/12"}],"replies":[{"embeddable":true,"href":"https:\/\/www.biotech-agora.com\/fr\/wp-json\/wp\/v2\/comments?post=882"}],"version-history":[{"count":0,"href":"https:\/\/www.biotech-agora.com\/fr\/wp-json\/wp\/v2\/pages\/882\/revisions"}],"wp:attachment":[{"href":"https:\/\/www.biotech-agora.com\/fr\/wp-json\/wp\/v2\/media?parent=882"}],"curies":[{"name":"wp","href":"https:\/\/api.w.org\/{rel}","templated":true}]}}